{"id":1138,"date":"2023-03-03T11:54:55","date_gmt":"2023-03-03T11:54:55","guid":{"rendered":"https:\/\/politecnicocundinamarca.edu.co\/?page_id=1138"},"modified":"2023-03-07T03:53:33","modified_gmt":"2023-03-07T03:53:33","slug":"aula-virtual","status":"publish","type":"page","link":"https:\/\/politecnicocundinamarca.edu.co\/en\/aula-virtual\/","title":{"rendered":"Aula Virtual"},"content":{"rendered":"<div data-elementor-type=\"page\" data-elementor-id=\"1138\" class=\"elementor elementor-1138\">\n\t\t\t\t\t\t<section class=\"elementor-section elementor-top-section elementor-element elementor-element-2bf8a9d6 border-bottom elementor-section-boxed elementor-section-height-default elementor-section-height-default\" data-id=\"2bf8a9d6\" data-element_type=\"section\">\n\t\t\t\t\t\t<div class=\"elementor-container elementor-column-gap-no\">\n\t\t\t\t\t<div class=\"elementor-column elementor-col-100 elementor-top-column elementor-element elementor-element-46957480\" data-id=\"46957480\" data-element_type=\"column\">\n\t\t\t<div class=\"elementor-widget-wrap elementor-element-populated\">\n\t\t\t\t\t\t<section class=\"elementor-section elementor-inner-section elementor-element elementor-element-e4fbd8a elementor-section-boxed elementor-section-height-default elementor-section-height-default\" data-id=\"e4fbd8a\" data-element_type=\"section\">\n\t\t\t\t\t\t<div class=\"elementor-container elementor-column-gap-default\">\n\t\t\t\t\t<div class=\"elementor-column elementor-col-50 elementor-inner-column elementor-element elementor-element-48aeaa86\" data-id=\"48aeaa86\" data-element_type=\"column\">\n\t\t\t<div class=\"elementor-widget-wrap elementor-element-populated\">\n\t\t\t\t\t\t<div class=\"elementor-element elementor-element-0fc19bc elementor-widget elementor-widget-heading\" data-id=\"0fc19bc\" data-element_type=\"widget\" data-widget_type=\"heading.default\">\n\t\t\t\t<div class=\"elementor-widget-container\">\n\t\t\t\t\t<h2 class=\"elementor-heading-title elementor-size-default\">Aula Virtual<\/h2>\t\t\t\t<\/div>\n\t\t\t\t<\/div>\n\t\t\t\t<div class=\"elementor-element elementor-element-de08523 elementor-widget elementor-widget-text-editor\" data-id=\"de08523\" data-element_type=\"widget\" data-widget_type=\"text-editor.default\">\n\t\t\t\t<div class=\"elementor-widget-container\">\n\t\t\t\t\t\t\t\t\t<p>Realice su primaria, bachillerato, t\u00e9cnicos Laborales diplomados y cursos, virtuales con el acompa\u00f1amiento en l\u00ednea y de manera presencial de tutores del Polit\u00e9cnico T\u00e9cnico de Cundinamarca, y el uso de tecnolog\u00edas de la informaci\u00f3n y la comunicaci\u00f3n.<\/p>\t\t\t\t\t\t\t\t<\/div>\n\t\t\t\t<\/div>\n\t\t\t\t\t<\/div>\n\t\t<\/div>\n\t\t\t\t<div class=\"elementor-column elementor-col-50 elementor-inner-column elementor-element elementor-element-30b8067e\" data-id=\"30b8067e\" data-element_type=\"column\">\n\t\t\t<div class=\"elementor-widget-wrap elementor-element-populated\">\n\t\t\t\t\t\t<div class=\"elementor-element elementor-element-577170ae sf-position-top sf-view-default elementor-widget elementor-widget-sf-icon-box\" data-id=\"577170ae\" data-element_type=\"widget\" data-widget_type=\"sf-icon-box.default\">\n\t\t\t\t<div class=\"elementor-widget-container\">\n\t\t\t\t\t<a class=\"sf-icon-box\" href=\"http:\/\/email.q10academico.com\/wf\/click?upn=-2Bq03kSbdLdBIiH-2BvOxvuhRDjdyzkx1IaQ063kpzuEYGTvzC41e9fVNmhCF0iwnyfhnDOdEXRe38wpUm1otPR03FizsZ4neU5WhNz3FT-2Bam5D55I2ZNxNJXcdFxAol0IO_wjYUrOXb3Kqj7wo99IY5-2BaxcsvwGXEvU4mNVy2-2Fz7qp-2FO-2F-2Bzk1HEl9c-2B1lvw1IoBwZW5O-2Bn6UGzi6frUgj6gWNFcTHxjNPEp-2BEnAwT-2Bwmx-2BnlB4hi4bf1By-2BOX9Xc8fDVGUWtzDEns18ILFNumQbPYftYtuKVuwujCrp-2FPQmq3z97JybQYacjTNXSr8fJqCqQqEEaLMOPANzwUHuqvxB3-2FXI3PrG-2BTpAMtPhDFVYwAS4wL48SwM4sI4SXwKRKtbMbj4mMVBI71J0cWcfXcHllMdben3FhGIZUKU3Gl9iyXTeBBY71jmy8-2FUGd3ynfVQx\" target=\"_blank\" rel=\"nofollow\">\n\t\t\t\t\t<div class=\"sf-icon-box__icon\">\n\t\t\t\t<span class=\"sf-icon elementor-animation-\">\n\t\t\t\t\t\t\t\t\t\t\t<i class=\"fas fa-laptop-house\" aria-hidden=\"true\"><\/i>\n\t\t\t\t\t\t\t\t\t<\/span>\n\t\t\t<\/div>\n\t\t\n\t\t\n\t\t<div class=\"sf-icon-box__content\">\n\t\t\t<h3 class=\"sf-icon-box__title\">Ingreso a Nuestra aula Virtual<\/h3>\t\t\t<div class=\"sf-icon-box__desc\">Prepara tu nombre de usuario y contrase\u00f1a y solo da clic aqu\u00ed<\/div>\t\t<\/div>\n\n\t\t<\/a>\t\t\t\t<\/div>\n\t\t\t\t<\/div>\n\t\t\t\t\t<\/div>\n\t\t<\/div>\n\t\t\t\t\t<\/div>\n\t\t<\/section>\n\t\t\t\t\t<\/div>\n\t\t<\/div>\n\t\t\t\t\t<\/div>\n\t\t<\/section>\n\t\t\t\t<\/div>","protected":false},"excerpt":{"rendered":"<p>Aula Virtual Realice su primaria, bachillerato, t\u00e9cnicos Laborales diplomados y cursos, virtuales con el acompa\u00f1amiento en l\u00ednea y de manera presencial de tutores del Polit\u00e9cnico T\u00e9cnico de Cundinamarca, y el [&hellip;]<\/p>","protected":false},"author":1,"featured_media":0,"parent":0,"menu_order":0,"comment_status":"closed","ping_status":"closed","template":"page-builder.php","meta":{"footnotes":""},"class_list":["post-1138","page","type-page","status-publish","hentry"],"_links":{"self":[{"href":"https:\/\/politecnicocundinamarca.edu.co\/en\/wp-json\/wp\/v2\/pages\/1138","targetHints":{"allow":["GET"]}}],"collection":[{"href":"https:\/\/politecnicocundinamarca.edu.co\/en\/wp-json\/wp\/v2\/pages"}],"about":[{"href":"https:\/\/politecnicocundinamarca.edu.co\/en\/wp-json\/wp\/v2\/types\/page"}],"author":[{"embeddable":true,"href":"https:\/\/politecnicocundinamarca.edu.co\/en\/wp-json\/wp\/v2\/users\/1"}],"replies":[{"embeddable":true,"href":"https:\/\/politecnicocundinamarca.edu.co\/en\/wp-json\/wp\/v2\/comments?post=1138"}],"version-history":[{"count":6,"href":"https:\/\/politecnicocundinamarca.edu.co\/en\/wp-json\/wp\/v2\/pages\/1138\/revisions"}],"predecessor-version":[{"id":1419,"href":"https:\/\/politecnicocundinamarca.edu.co\/en\/wp-json\/wp\/v2\/pages\/1138\/revisions\/1419"}],"wp:attachment":[{"href":"https:\/\/politecnicocundinamarca.edu.co\/en\/wp-json\/wp\/v2\/media?parent=1138"}],"curies":[{"name":"wp","href":"https:\/\/api.w.org\/{rel}","templated":true}]}}