{"id":1231,"date":"2023-03-03T16:41:03","date_gmt":"2023-03-03T16:41:03","guid":{"rendered":"https:\/\/politecnicocundinamarca.edu.co\/?page_id=1231"},"modified":"2023-03-03T17:25:13","modified_gmt":"2023-03-03T17:25:13","slug":"otros-servicios","status":"publish","type":"page","link":"https:\/\/politecnicocundinamarca.edu.co\/en\/otros-servicios\/","title":{"rendered":"Otros Servicios"},"content":{"rendered":"<div data-elementor-type=\"page\" data-elementor-id=\"1231\" class=\"elementor elementor-1231\">\n\t\t\t\t\t\t<section class=\"elementor-section elementor-top-section elementor-element elementor-element-2bf8a9d6 border-bottom elementor-section-boxed elementor-section-height-default elementor-section-height-default\" data-id=\"2bf8a9d6\" data-element_type=\"section\">\n\t\t\t\t\t\t<div class=\"elementor-container elementor-column-gap-no\">\n\t\t\t\t\t<div class=\"elementor-column elementor-col-100 elementor-top-column elementor-element elementor-element-46957480\" data-id=\"46957480\" data-element_type=\"column\">\n\t\t\t<div class=\"elementor-widget-wrap elementor-element-populated\">\n\t\t\t\t\t\t<section class=\"elementor-section elementor-inner-section elementor-element elementor-element-e4fbd8a elementor-section-boxed elementor-section-height-default elementor-section-height-default\" data-id=\"e4fbd8a\" data-element_type=\"section\">\n\t\t\t\t\t\t<div class=\"elementor-container elementor-column-gap-default\">\n\t\t\t\t\t<div class=\"elementor-column elementor-col-100 elementor-inner-column elementor-element elementor-element-48aeaa86\" data-id=\"48aeaa86\" data-element_type=\"column\">\n\t\t\t<div class=\"elementor-widget-wrap elementor-element-populated\">\n\t\t\t\t\t\t<div class=\"elementor-element elementor-element-0fc19bc elementor-widget elementor-widget-heading\" data-id=\"0fc19bc\" data-element_type=\"widget\" data-widget_type=\"heading.default\">\n\t\t\t\t<div class=\"elementor-widget-container\">\n\t\t\t\t\t<h1 class=\"elementor-heading-title elementor-size-default\">Gimnasio Nuestra Se\u00f1ora Rosa M\u00edstica<\/h1>\t\t\t\t<\/div>\n\t\t\t\t<\/div>\n\t\t\t\t<div class=\"elementor-element elementor-element-45e1ffb elementor-widget elementor-widget-heading\" data-id=\"45e1ffb\" data-element_type=\"widget\" data-widget_type=\"heading.default\">\n\t\t\t\t<div class=\"elementor-widget-container\">\n\t\t\t\t\t<h2 class=\"elementor-heading-title elementor-size-default\">Preescolar, Primaria y Bachillerato<\/h2>\t\t\t\t<\/div>\n\t\t\t\t<\/div>\n\t\t\t\t<div class=\"elementor-element elementor-element-3ebff51 elementor-widget elementor-widget-heading\" data-id=\"3ebff51\" data-element_type=\"widget\" data-widget_type=\"heading.default\">\n\t\t\t\t<div class=\"elementor-widget-container\">\n\t\t\t\t\t<h3 class=\"elementor-heading-title elementor-size-default\">Sede Gachancip\u00e1 y Chocont\u00e1<\/h3>\t\t\t\t<\/div>\n\t\t\t\t<\/div>\n\t\t\t\t\t<\/div>\n\t\t<\/div>\n\t\t\t\t\t<\/div>\n\t\t<\/section>\n\t\t\t\t<section class=\"elementor-section elementor-inner-section elementor-element elementor-element-579ac24 elementor-section-boxed elementor-section-height-default elementor-section-height-default\" data-id=\"579ac24\" data-element_type=\"section\">\n\t\t\t\t\t\t<div class=\"elementor-container elementor-column-gap-default\">\n\t\t\t\t\t<div class=\"elementor-column elementor-col-33 elementor-inner-column elementor-element elementor-element-d60f8a7\" data-id=\"d60f8a7\" data-element_type=\"column\">\n\t\t\t<div class=\"elementor-widget-wrap\">\n\t\t\t\t\t\t\t<\/div>\n\t\t<\/div>\n\t\t\t\t<div class=\"elementor-column elementor-col-33 elementor-inner-column elementor-element elementor-element-ebe62ab\" data-id=\"ebe62ab\" data-element_type=\"column\">\n\t\t\t<div class=\"elementor-widget-wrap elementor-element-populated\">\n\t\t\t\t\t\t<div class=\"elementor-element elementor-element-a84ad89 elementor-widget elementor-widget-image\" data-id=\"a84ad89\" data-element_type=\"widget\" data-widget_type=\"image.default\">\n\t\t\t\t<div class=\"elementor-widget-container\">\n\t\t\t\t\t\t\t\t\t\t\t\t\t\t\t<img fetchpriority=\"high\" decoding=\"async\" width=\"980\" height=\"1024\" src=\"https:\/\/politecnicocundinamarca.edu.co\/wp-content\/uploads\/2023\/03\/Logo-Rosa-Mistica-980x1024.png\" class=\"elementor-animation-pulse attachment-large size-large wp-image-1237\" alt=\"\" srcset=\"https:\/\/politecnicocundinamarca.edu.co\/wp-content\/uploads\/2023\/03\/Logo-Rosa-Mistica-980x1024.png 980w, https:\/\/politecnicocundinamarca.edu.co\/wp-content\/uploads\/2023\/03\/Logo-Rosa-Mistica-287x300.png 287w, https:\/\/politecnicocundinamarca.edu.co\/wp-content\/uploads\/2023\/03\/Logo-Rosa-Mistica-768x802.png 768w, https:\/\/politecnicocundinamarca.edu.co\/wp-content\/uploads\/2023\/03\/Logo-Rosa-Mistica-1470x1536.png 1470w, https:\/\/politecnicocundinamarca.edu.co\/wp-content\/uploads\/2023\/03\/Logo-Rosa-Mistica-1961x2048.png 1961w, https:\/\/politecnicocundinamarca.edu.co\/wp-content\/uploads\/2023\/03\/Logo-Rosa-Mistica-11x12.png 11w, https:\/\/politecnicocundinamarca.edu.co\/wp-content\/uploads\/2023\/03\/Logo-Rosa-Mistica-540x564.png 540w, https:\/\/politecnicocundinamarca.edu.co\/wp-content\/uploads\/2023\/03\/Logo-Rosa-Mistica-860x898.png 860w, https:\/\/politecnicocundinamarca.edu.co\/wp-content\/uploads\/2023\/03\/Logo-Rosa-Mistica-1170x1222.png 1170w\" sizes=\"(max-width: 980px) 100vw, 980px\" \/>\t\t\t\t\t\t\t\t\t\t\t\t\t\t\t<\/div>\n\t\t\t\t<\/div>\n\t\t\t\t\t<\/div>\n\t\t<\/div>\n\t\t\t\t<div class=\"elementor-column elementor-col-33 elementor-inner-column elementor-element elementor-element-2b5a856\" data-id=\"2b5a856\" data-element_type=\"column\">\n\t\t\t<div class=\"elementor-widget-wrap\">\n\t\t\t\t\t\t\t<\/div>\n\t\t<\/div>\n\t\t\t\t\t<\/div>\n\t\t<\/section>\n\t\t\t\t<section class=\"elementor-section elementor-inner-section elementor-element elementor-element-b331bbf elementor-section-boxed elementor-section-height-default elementor-section-height-default\" data-id=\"b331bbf\" data-element_type=\"section\">\n\t\t\t\t\t\t<div class=\"elementor-container elementor-column-gap-default\">\n\t\t\t\t\t<div class=\"elementor-column elementor-col-100 elementor-inner-column elementor-element elementor-element-18ae061\" data-id=\"18ae061\" data-element_type=\"column\">\n\t\t\t<div class=\"elementor-widget-wrap\">\n\t\t\t\t\t\t\t<\/div>\n\t\t<\/div>\n\t\t\t\t\t<\/div>\n\t\t<\/section>\n\t\t\t\t\t<\/div>\n\t\t<\/div>\n\t\t\t\t\t<\/div>\n\t\t<\/section>\n\t\t\t\t<\/div>","protected":false},"excerpt":{"rendered":"<p>Gimnasio Nuestra Se\u00f1ora Rosa M\u00edstica Preescolar, Primaria y Bachillerato Sede Gachancip\u00e1 y Chocont\u00e1<\/p>","protected":false},"author":1,"featured_media":0,"parent":0,"menu_order":0,"comment_status":"closed","ping_status":"closed","template":"page-builder.php","meta":{"footnotes":""},"class_list":["post-1231","page","type-page","status-publish","hentry"],"_links":{"self":[{"href":"https:\/\/politecnicocundinamarca.edu.co\/en\/wp-json\/wp\/v2\/pages\/1231","targetHints":{"allow":["GET"]}}],"collection":[{"href":"https:\/\/politecnicocundinamarca.edu.co\/en\/wp-json\/wp\/v2\/pages"}],"about":[{"href":"https:\/\/politecnicocundinamarca.edu.co\/en\/wp-json\/wp\/v2\/types\/page"}],"author":[{"embeddable":true,"href":"https:\/\/politecnicocundinamarca.edu.co\/en\/wp-json\/wp\/v2\/users\/1"}],"replies":[{"embeddable":true,"href":"https:\/\/politecnicocundinamarca.edu.co\/en\/wp-json\/wp\/v2\/comments?post=1231"}],"version-history":[{"count":6,"href":"https:\/\/politecnicocundinamarca.edu.co\/en\/wp-json\/wp\/v2\/pages\/1231\/revisions"}],"predecessor-version":[{"id":1251,"href":"https:\/\/politecnicocundinamarca.edu.co\/en\/wp-json\/wp\/v2\/pages\/1231\/revisions\/1251"}],"wp:attachment":[{"href":"https:\/\/politecnicocundinamarca.edu.co\/en\/wp-json\/wp\/v2\/media?parent=1231"}],"curies":[{"name":"wp","href":"https:\/\/api.w.org\/{rel}","templated":true}]}}