{"id":292,"date":"2023-02-08T04:52:43","date_gmt":"2023-02-08T04:52:43","guid":{"rendered":"https:\/\/politecnicocundinamarca.edu.co\/?elementor_library=about-us"},"modified":"2023-02-18T01:05:39","modified_gmt":"2023-02-18T01:05:39","slug":"nuestra-historia","status":"publish","type":"page","link":"https:\/\/politecnicocundinamarca.edu.co\/en\/nuestra-historia\/","title":{"rendered":"Nuestra Historia"},"content":{"rendered":"<div data-elementor-type=\"page\" data-elementor-id=\"292\" class=\"elementor elementor-292\">\n\t\t\t\t\t\t<section class=\"elementor-section elementor-top-section elementor-element elementor-element-1e4c3b35 elementor-section-boxed elementor-section-height-default elementor-section-height-default\" data-id=\"1e4c3b35\" data-element_type=\"section\">\n\t\t\t\t\t\t<div class=\"elementor-container elementor-column-gap-extended\">\n\t\t\t\t\t<div class=\"elementor-column elementor-col-50 elementor-top-column elementor-element elementor-element-617ef384\" data-id=\"617ef384\" data-element_type=\"column\">\n\t\t\t<div class=\"elementor-widget-wrap elementor-element-populated\">\n\t\t\t\t\t\t<div class=\"elementor-element elementor-element-24bf3602 elementor-hidden-tablet elementor-hidden-phone elementor-widget elementor-widget-image\" data-id=\"24bf3602\" data-element_type=\"widget\" data-widget_type=\"image.default\">\n\t\t\t\t<div class=\"elementor-widget-container\">\n\t\t\t\t\t\t\t\t\t\t\t\t\t\t\t<img fetchpriority=\"high\" decoding=\"async\" width=\"854\" height=\"1280\" src=\"https:\/\/politecnicocundinamarca.edu.co\/wp-content\/uploads\/2023\/02\/WhatsApp-Image-2023-02-14-at-8.42.27-PM.jpeg\" class=\"attachment-full size-full wp-image-916\" alt=\"\" srcset=\"https:\/\/politecnicocundinamarca.edu.co\/wp-content\/uploads\/2023\/02\/WhatsApp-Image-2023-02-14-at-8.42.27-PM.jpeg 854w, https:\/\/politecnicocundinamarca.edu.co\/wp-content\/uploads\/2023\/02\/WhatsApp-Image-2023-02-14-at-8.42.27-PM-200x300.jpeg 200w, https:\/\/politecnicocundinamarca.edu.co\/wp-content\/uploads\/2023\/02\/WhatsApp-Image-2023-02-14-at-8.42.27-PM-683x1024.jpeg 683w, https:\/\/politecnicocundinamarca.edu.co\/wp-content\/uploads\/2023\/02\/WhatsApp-Image-2023-02-14-at-8.42.27-PM-768x1151.jpeg 768w, https:\/\/politecnicocundinamarca.edu.co\/wp-content\/uploads\/2023\/02\/WhatsApp-Image-2023-02-14-at-8.42.27-PM-540x809.jpeg 540w\" sizes=\"(max-width: 854px) 100vw, 854px\" \/>\t\t\t\t\t\t\t\t\t\t\t\t\t\t\t<\/div>\n\t\t\t\t<\/div>\n\t\t\t\t<div class=\"elementor-element elementor-element-3d26707e elementor-widget elementor-widget-image\" data-id=\"3d26707e\" data-element_type=\"widget\" data-widget_type=\"image.default\">\n\t\t\t\t<div class=\"elementor-widget-container\">\n\t\t\t\t\t\t\t\t\t\t\t\t\t\t\t<img decoding=\"async\" width=\"1600\" height=\"1066\" src=\"https:\/\/politecnicocundinamarca.edu.co\/wp-content\/uploads\/2023\/02\/WhatsApp-Image-2023-02-14-at-8.42.36-PM-1.jpeg\" class=\"attachment-full size-full wp-image-869\" alt=\"\" srcset=\"https:\/\/politecnicocundinamarca.edu.co\/wp-content\/uploads\/2023\/02\/WhatsApp-Image-2023-02-14-at-8.42.36-PM-1.jpeg 1600w, https:\/\/politecnicocundinamarca.edu.co\/wp-content\/uploads\/2023\/02\/WhatsApp-Image-2023-02-14-at-8.42.36-PM-1-300x200.jpeg 300w, https:\/\/politecnicocundinamarca.edu.co\/wp-content\/uploads\/2023\/02\/WhatsApp-Image-2023-02-14-at-8.42.36-PM-1-1024x682.jpeg 1024w, https:\/\/politecnicocundinamarca.edu.co\/wp-content\/uploads\/2023\/02\/WhatsApp-Image-2023-02-14-at-8.42.36-PM-1-768x512.jpeg 768w, https:\/\/politecnicocundinamarca.edu.co\/wp-content\/uploads\/2023\/02\/WhatsApp-Image-2023-02-14-at-8.42.36-PM-1-1536x1023.jpeg 1536w, https:\/\/politecnicocundinamarca.edu.co\/wp-content\/uploads\/2023\/02\/WhatsApp-Image-2023-02-14-at-8.42.36-PM-1-540x360.jpeg 540w, https:\/\/politecnicocundinamarca.edu.co\/wp-content\/uploads\/2023\/02\/WhatsApp-Image-2023-02-14-at-8.42.36-PM-1-585x390.jpeg 585w, https:\/\/politecnicocundinamarca.edu.co\/wp-content\/uploads\/2023\/02\/WhatsApp-Image-2023-02-14-at-8.42.36-PM-1-860x573.jpeg 860w, https:\/\/politecnicocundinamarca.edu.co\/wp-content\/uploads\/2023\/02\/WhatsApp-Image-2023-02-14-at-8.42.36-PM-1-1170x780.jpeg 1170w\" sizes=\"(max-width: 1600px) 100vw, 1600px\" \/>\t\t\t\t\t\t\t\t\t\t\t\t\t\t\t<\/div>\n\t\t\t\t<\/div>\n\t\t\t\t\t<\/div>\n\t\t<\/div>\n\t\t\t\t<div class=\"elementor-column elementor-col-50 elementor-top-column elementor-element elementor-element-3d948418\" data-id=\"3d948418\" data-element_type=\"column\">\n\t\t\t<div class=\"elementor-widget-wrap elementor-element-populated\">\n\t\t\t\t\t\t<div class=\"elementor-element elementor-element-69756bb elementor-widget elementor-widget-heading\" data-id=\"69756bb\" data-element_type=\"widget\" data-widget_type=\"heading.default\">\n\t\t\t\t<div class=\"elementor-widget-container\">\n\t\t\t\t\t<h2 class=\"elementor-heading-title elementor-size-default\">\"Transformando mentes, forjando el futuro: <br>La historia de Nuestro Instituto\".\n<\/h2>\t\t\t\t<\/div>\n\t\t\t\t<\/div>\n\t\t\t\t<div class=\"elementor-element elementor-element-4b6b2f7 elementor-widget elementor-widget-text-editor\" data-id=\"4b6b2f7\" data-element_type=\"widget\" data-widget_type=\"text-editor.default\">\n\t\t\t\t<div class=\"elementor-widget-container\">\n\t\t\t\t\t\t\t\t\t<p>El POLITECNICO CUNDINAMARCA fue fundado el 20 de Abril de 2012, en la ciudad de Soacha, y tomo el Nombre INSTITUTO TECNICO DE CUNDINAMARCA, Se inicia con PRIMARIA, BACHILLERATO POR CICLOS Y TECNICOS LABORALES, con 5 estudiantes y lo conformaba el siguiente personal, un Director, 1 coordinador general y 3 docentes, el polit\u00e9cnico Cundinamarca en este momento est\u00e1 ubicado en la ciudad de Soacha y Gachancipa Cundinamarca con sus respectivas aprobaciones, por el ministerio de educaci\u00f3n nacional, secretaria de educaci\u00f3n y ministerio de protecci\u00f3n social. Nuestra misi\u00f3n educativa naci\u00f3 en el 2004 con la creaci\u00f3n del colegio\u201d Gimnasio Biling\u00fce Jean Piaget en el municipio de Chocont\u00e1.<\/p>\t\t\t\t\t\t\t\t<\/div>\n\t\t\t\t<\/div>\n\t\t\t\t<div class=\"elementor-element elementor-element-167a7978 elementor-widget elementor-widget-image\" data-id=\"167a7978\" data-element_type=\"widget\" data-widget_type=\"image.default\">\n\t\t\t\t<div class=\"elementor-widget-container\">\n\t\t\t\t\t\t\t\t\t\t\t\t\t\t\t<img decoding=\"async\" width=\"1600\" height=\"1200\" src=\"https:\/\/politecnicocundinamarca.edu.co\/wp-content\/uploads\/2023\/02\/WhatsApp-Image-2023-02-14-at-8.42.33-PM-1.jpeg\" class=\"attachment-full size-full wp-image-857\" alt=\"\" srcset=\"https:\/\/politecnicocundinamarca.edu.co\/wp-content\/uploads\/2023\/02\/WhatsApp-Image-2023-02-14-at-8.42.33-PM-1.jpeg 1600w, https:\/\/politecnicocundinamarca.edu.co\/wp-content\/uploads\/2023\/02\/WhatsApp-Image-2023-02-14-at-8.42.33-PM-1-300x225.jpeg 300w, https:\/\/politecnicocundinamarca.edu.co\/wp-content\/uploads\/2023\/02\/WhatsApp-Image-2023-02-14-at-8.42.33-PM-1-1024x768.jpeg 1024w, https:\/\/politecnicocundinamarca.edu.co\/wp-content\/uploads\/2023\/02\/WhatsApp-Image-2023-02-14-at-8.42.33-PM-1-768x576.jpeg 768w, https:\/\/politecnicocundinamarca.edu.co\/wp-content\/uploads\/2023\/02\/WhatsApp-Image-2023-02-14-at-8.42.33-PM-1-1536x1152.jpeg 1536w, https:\/\/politecnicocundinamarca.edu.co\/wp-content\/uploads\/2023\/02\/WhatsApp-Image-2023-02-14-at-8.42.33-PM-1-540x405.jpeg 540w, https:\/\/politecnicocundinamarca.edu.co\/wp-content\/uploads\/2023\/02\/WhatsApp-Image-2023-02-14-at-8.42.33-PM-1-860x645.jpeg 860w, https:\/\/politecnicocundinamarca.edu.co\/wp-content\/uploads\/2023\/02\/WhatsApp-Image-2023-02-14-at-8.42.33-PM-1-1170x878.jpeg 1170w\" sizes=\"(max-width: 1600px) 100vw, 1600px\" \/>\t\t\t\t\t\t\t\t\t\t\t\t\t\t\t<\/div>\n\t\t\t\t<\/div>\n\t\t\t\t\t<\/div>\n\t\t<\/div>\n\t\t\t\t\t<\/div>\n\t\t<\/section>\n\t\t\t\t<section class=\"elementor-section elementor-top-section elementor-element elementor-element-0c7b556 elementor-section-boxed elementor-section-height-default elementor-section-height-default\" data-id=\"0c7b556\" data-element_type=\"section\">\n\t\t\t\t\t\t<div class=\"elementor-container elementor-column-gap-default\">\n\t\t\t\t\t<div class=\"elementor-column elementor-col-50 elementor-top-column elementor-element elementor-element-e21fa8f\" data-id=\"e21fa8f\" data-element_type=\"column\">\n\t\t\t<div class=\"elementor-widget-wrap elementor-element-populated\">\n\t\t\t\t\t\t<div class=\"elementor-element elementor-element-7a40f21 elementor-widget elementor-widget-text-editor\" data-id=\"7a40f21\" data-element_type=\"widget\" data-widget_type=\"text-editor.default\">\n\t\t\t\t<div class=\"elementor-widget-container\">\n\t\t\t\t\t\t\t\t\t<p>En reuni\u00f3n con algunas personas, nace la idea de ofrecerles una nueva instituci\u00f3n privada que les ofrezca este servicio de educaci\u00f3n para el trabajo y el desarrollo humano y primaria y bachillerato por ciclos, con \u00e9nfasis en sistemas y ingles.<\/p><p>Que hay una gran cantidad de la poblaci\u00f3n &#8211; sujeto del estudio diagn\u00f3stico no hab\u00eda podido culminar sus estudios por diversas causas. * Que algunas de las causas que han dificultado a las personas concluir su formaci\u00f3n b\u00e1sica y media se centran en la falta de recursos econ\u00f3micos; en las jornadas laborales; en la reprobaci\u00f3n de a\u00f1os lectivos y la consecuente deserci\u00f3n escolar.<\/p>\t\t\t\t\t\t\t\t<\/div>\n\t\t\t\t<\/div>\n\t\t\t\t<div class=\"elementor-element elementor-element-c1854a9 elementor-widget elementor-widget-image\" data-id=\"c1854a9\" data-element_type=\"widget\" data-widget_type=\"image.default\">\n\t\t\t\t<div class=\"elementor-widget-container\">\n\t\t\t\t\t\t\t\t\t\t\t\t\t\t\t<img loading=\"lazy\" decoding=\"async\" width=\"1024\" height=\"768\" src=\"https:\/\/politecnicocundinamarca.edu.co\/wp-content\/uploads\/2023\/02\/WhatsApp-Image-2023-02-14-at-8.43.14-PM-2-1024x768.jpeg\" class=\"attachment-large size-large wp-image-901\" alt=\"\" srcset=\"https:\/\/politecnicocundinamarca.edu.co\/wp-content\/uploads\/2023\/02\/WhatsApp-Image-2023-02-14-at-8.43.14-PM-2-1024x768.jpeg 1024w, https:\/\/politecnicocundinamarca.edu.co\/wp-content\/uploads\/2023\/02\/WhatsApp-Image-2023-02-14-at-8.43.14-PM-2-300x225.jpeg 300w, https:\/\/politecnicocundinamarca.edu.co\/wp-content\/uploads\/2023\/02\/WhatsApp-Image-2023-02-14-at-8.43.14-PM-2-768x576.jpeg 768w, https:\/\/politecnicocundinamarca.edu.co\/wp-content\/uploads\/2023\/02\/WhatsApp-Image-2023-02-14-at-8.43.14-PM-2-1536x1152.jpeg 1536w, https:\/\/politecnicocundinamarca.edu.co\/wp-content\/uploads\/2023\/02\/WhatsApp-Image-2023-02-14-at-8.43.14-PM-2-540x405.jpeg 540w, https:\/\/politecnicocundinamarca.edu.co\/wp-content\/uploads\/2023\/02\/WhatsApp-Image-2023-02-14-at-8.43.14-PM-2-860x645.jpeg 860w, https:\/\/politecnicocundinamarca.edu.co\/wp-content\/uploads\/2023\/02\/WhatsApp-Image-2023-02-14-at-8.43.14-PM-2-1170x878.jpeg 1170w, https:\/\/politecnicocundinamarca.edu.co\/wp-content\/uploads\/2023\/02\/WhatsApp-Image-2023-02-14-at-8.43.14-PM-2.jpeg 1600w\" sizes=\"(max-width: 1024px) 100vw, 1024px\" \/>\t\t\t\t\t\t\t\t\t\t\t\t\t\t\t<\/div>\n\t\t\t\t<\/div>\n\t\t\t\t\t<\/div>\n\t\t<\/div>\n\t\t\t\t<div class=\"elementor-column elementor-col-50 elementor-top-column elementor-element elementor-element-f5796ee\" data-id=\"f5796ee\" data-element_type=\"column\">\n\t\t\t<div class=\"elementor-widget-wrap elementor-element-populated\">\n\t\t\t\t\t\t<div class=\"elementor-element elementor-element-ff2fbae elementor-widget elementor-widget-image\" data-id=\"ff2fbae\" data-element_type=\"widget\" data-widget_type=\"image.default\">\n\t\t\t\t<div class=\"elementor-widget-container\">\n\t\t\t\t\t\t\t\t\t\t\t\t\t\t\t<img loading=\"lazy\" decoding=\"async\" width=\"1024\" height=\"576\" src=\"https:\/\/politecnicocundinamarca.edu.co\/wp-content\/uploads\/2023\/02\/WhatsApp-Image-2023-02-14-at-8.43.16-PM-3-1024x576.jpeg\" class=\"attachment-large size-large wp-image-912\" alt=\"\" srcset=\"https:\/\/politecnicocundinamarca.edu.co\/wp-content\/uploads\/2023\/02\/WhatsApp-Image-2023-02-14-at-8.43.16-PM-3-1024x576.jpeg 1024w, https:\/\/politecnicocundinamarca.edu.co\/wp-content\/uploads\/2023\/02\/WhatsApp-Image-2023-02-14-at-8.43.16-PM-3-300x169.jpeg 300w, https:\/\/politecnicocundinamarca.edu.co\/wp-content\/uploads\/2023\/02\/WhatsApp-Image-2023-02-14-at-8.43.16-PM-3-768x432.jpeg 768w, https:\/\/politecnicocundinamarca.edu.co\/wp-content\/uploads\/2023\/02\/WhatsApp-Image-2023-02-14-at-8.43.16-PM-3-540x304.jpeg 540w, https:\/\/politecnicocundinamarca.edu.co\/wp-content\/uploads\/2023\/02\/WhatsApp-Image-2023-02-14-at-8.43.16-PM-3-860x484.jpeg 860w, https:\/\/politecnicocundinamarca.edu.co\/wp-content\/uploads\/2023\/02\/WhatsApp-Image-2023-02-14-at-8.43.16-PM-3.jpeg 1080w\" sizes=\"(max-width: 1024px) 100vw, 1024px\" \/>\t\t\t\t\t\t\t\t\t\t\t\t\t\t\t<\/div>\n\t\t\t\t<\/div>\n\t\t\t\t<div class=\"elementor-element elementor-element-97cb8a8 elementor-widget elementor-widget-text-editor\" data-id=\"97cb8a8\" data-element_type=\"widget\" data-widget_type=\"text-editor.default\">\n\t\t\t\t<div class=\"elementor-widget-container\">\n\t\t\t\t\t\t\t\t\t<p>* Que una alta proporci\u00f3n de la poblaci\u00f3n encuestada en las cuales el POLITECNICO CUNDINAMARCA desarrolla actividades educativas presentaron inter\u00e9s en culminar su educaci\u00f3n secundaria y luego poder seguir con sus estudios de educaci\u00f3n superior. * Que la propuesta de Proyecto Educativo Institucional se orient\u00f3 a fortalecer la visi\u00f3n, misi\u00f3n, calidad y cobertura educativa del POLITECNICO CUNDINAMARCA. * Que se llenaron las exigencias de todo orden para aprobar la creaci\u00f3n del PROYECTO EDUCATIVO PARA EL TRABAJO Y EL DESARROLLO HUMANO, sin menoscabo del cumplimiento de los dem\u00e1s requisitos acad\u00e9micos, administrativos y legales que garanticen la calidad y cobertura requeridas. Con base en las anteriores decisiones, se elabor\u00f3 el Proyecto Educativo Institucional del Programa, que fue denominado &#8220;FORMANDO COMUNIDAD PARA EL PROGRESO.<\/p>\t\t\t\t\t\t\t\t<\/div>\n\t\t\t\t<\/div>\n\t\t\t\t\t<\/div>\n\t\t<\/div>\n\t\t\t\t\t<\/div>\n\t\t<\/section>\n\t\t\t\t<section class=\"elementor-section elementor-top-section elementor-element elementor-element-ab57187 elementor-section-boxed elementor-section-height-default elementor-section-height-default\" data-id=\"ab57187\" data-element_type=\"section\">\n\t\t\t\t\t\t<div class=\"elementor-container elementor-column-gap-default\">\n\t\t\t\t\t<div class=\"elementor-column elementor-col-100 elementor-top-column elementor-element elementor-element-6aadc97\" data-id=\"6aadc97\" data-element_type=\"column\">\n\t\t\t<div class=\"elementor-widget-wrap elementor-element-populated\">\n\t\t\t\t\t\t<div class=\"elementor-element elementor-element-437a54d4 sf-tablet-align-center sf-mobile-align-left sf-align-center elementor-widget elementor-widget-sf-button\" data-id=\"437a54d4\" data-element_type=\"widget\" data-widget_type=\"sf-button.default\">\n\t\t\t\t<div class=\"elementor-widget-container\">\n\t\t\t\t\t\t\t<div class=\"btn-wrapper\">\n\t\t\t<a href=\"https:\/\/politecnicocundinamarca.edu.co\/en\/mision-y-vision\/\" class=\"btn btn-primary\" role=\"button\">\n\t\t\t\t\t\t<span class=\"btn-text-wrapper\">\n\t\t\t\t\t\t<span class=\"btn-text\">Misi\u00f3n y Visi\u00f3n<\/span>\n\t\t<\/span>\n\t\t\t\t\t<\/a>\n\t\t<\/div>\n\t\t\t\t\t\t<\/div>\n\t\t\t\t<\/div>\n\t\t\t\t\t<\/div>\n\t\t<\/div>\n\t\t\t\t\t<\/div>\n\t\t<\/section>\n\t\t\t\t<section class=\"elementor-section elementor-top-section elementor-element elementor-element-5de67607 elementor-section-content-middle elementor-section-boxed elementor-section-height-default elementor-section-height-default\" data-id=\"5de67607\" data-element_type=\"section\" data-settings=\"{&quot;background_background&quot;:&quot;classic&quot;}\">\n\t\t\t\t\t\t<div class=\"elementor-container elementor-column-gap-extended\">\n\t\t\t\t\t<div class=\"elementor-column elementor-col-25 elementor-top-column elementor-element elementor-element-9712e6e\" data-id=\"9712e6e\" data-element_type=\"column\">\n\t\t\t<div class=\"elementor-widget-wrap elementor-element-populated\">\n\t\t\t\t\t\t<div class=\"elementor-element elementor-element-4eb31653 elementor-widget elementor-widget-image\" data-id=\"4eb31653\" data-element_type=\"widget\" data-widget_type=\"image.default\">\n\t\t\t\t<div class=\"elementor-widget-container\">\n\t\t\t\t\t\t\t\t\t\t\t\t\t\t\t\t<a href=\"#\">\n\t\t\t\t\t\t\t<img loading=\"lazy\" decoding=\"async\" width=\"1600\" height=\"1066\" src=\"https:\/\/politecnicocundinamarca.edu.co\/wp-content\/uploads\/2023\/02\/WhatsApp-Image-2023-02-14-at-8.42.36-PM-4.jpeg\" class=\"attachment-full size-full wp-image-872\" alt=\"\" srcset=\"https:\/\/politecnicocundinamarca.edu.co\/wp-content\/uploads\/2023\/02\/WhatsApp-Image-2023-02-14-at-8.42.36-PM-4.jpeg 1600w, https:\/\/politecnicocundinamarca.edu.co\/wp-content\/uploads\/2023\/02\/WhatsApp-Image-2023-02-14-at-8.42.36-PM-4-300x200.jpeg 300w, https:\/\/politecnicocundinamarca.edu.co\/wp-content\/uploads\/2023\/02\/WhatsApp-Image-2023-02-14-at-8.42.36-PM-4-1024x682.jpeg 1024w, https:\/\/politecnicocundinamarca.edu.co\/wp-content\/uploads\/2023\/02\/WhatsApp-Image-2023-02-14-at-8.42.36-PM-4-768x512.jpeg 768w, https:\/\/politecnicocundinamarca.edu.co\/wp-content\/uploads\/2023\/02\/WhatsApp-Image-2023-02-14-at-8.42.36-PM-4-1536x1023.jpeg 1536w, https:\/\/politecnicocundinamarca.edu.co\/wp-content\/uploads\/2023\/02\/WhatsApp-Image-2023-02-14-at-8.42.36-PM-4-540x360.jpeg 540w, https:\/\/politecnicocundinamarca.edu.co\/wp-content\/uploads\/2023\/02\/WhatsApp-Image-2023-02-14-at-8.42.36-PM-4-585x390.jpeg 585w, https:\/\/politecnicocundinamarca.edu.co\/wp-content\/uploads\/2023\/02\/WhatsApp-Image-2023-02-14-at-8.42.36-PM-4-860x573.jpeg 860w, https:\/\/politecnicocundinamarca.edu.co\/wp-content\/uploads\/2023\/02\/WhatsApp-Image-2023-02-14-at-8.42.36-PM-4-1170x780.jpeg 1170w\" sizes=\"(max-width: 1600px) 100vw, 1600px\" \/>\t\t\t\t\t\t\t\t<\/a>\n\t\t\t\t\t\t\t\t\t\t\t\t\t\t\t<\/div>\n\t\t\t\t<\/div>\n\t\t\t\t\t<\/div>\n\t\t<\/div>\n\t\t\t\t<div class=\"elementor-column elementor-col-25 elementor-top-column elementor-element elementor-element-871baae\" data-id=\"871baae\" data-element_type=\"column\">\n\t\t\t<div class=\"elementor-widget-wrap elementor-element-populated\">\n\t\t\t\t\t\t<div class=\"elementor-element elementor-element-7d12b991 elementor-widget elementor-widget-image\" data-id=\"7d12b991\" data-element_type=\"widget\" data-widget_type=\"image.default\">\n\t\t\t\t<div class=\"elementor-widget-container\">\n\t\t\t\t\t\t\t\t\t\t\t\t\t\t\t\t<a href=\"#\">\n\t\t\t\t\t\t\t<img loading=\"lazy\" decoding=\"async\" width=\"1280\" height=\"854\" src=\"https:\/\/politecnicocundinamarca.edu.co\/wp-content\/uploads\/2023\/02\/WhatsApp-Image-2023-02-14-at-8.42.28-PM-1.jpeg\" class=\"attachment-full size-full wp-image-843\" alt=\"\" srcset=\"https:\/\/politecnicocundinamarca.edu.co\/wp-content\/uploads\/2023\/02\/WhatsApp-Image-2023-02-14-at-8.42.28-PM-1.jpeg 1280w, https:\/\/politecnicocundinamarca.edu.co\/wp-content\/uploads\/2023\/02\/WhatsApp-Image-2023-02-14-at-8.42.28-PM-1-300x200.jpeg 300w, https:\/\/politecnicocundinamarca.edu.co\/wp-content\/uploads\/2023\/02\/WhatsApp-Image-2023-02-14-at-8.42.28-PM-1-1024x683.jpeg 1024w, https:\/\/politecnicocundinamarca.edu.co\/wp-content\/uploads\/2023\/02\/WhatsApp-Image-2023-02-14-at-8.42.28-PM-1-768x512.jpeg 768w, https:\/\/politecnicocundinamarca.edu.co\/wp-content\/uploads\/2023\/02\/WhatsApp-Image-2023-02-14-at-8.42.28-PM-1-540x360.jpeg 540w, https:\/\/politecnicocundinamarca.edu.co\/wp-content\/uploads\/2023\/02\/WhatsApp-Image-2023-02-14-at-8.42.28-PM-1-585x390.jpeg 585w, https:\/\/politecnicocundinamarca.edu.co\/wp-content\/uploads\/2023\/02\/WhatsApp-Image-2023-02-14-at-8.42.28-PM-1-860x574.jpeg 860w, https:\/\/politecnicocundinamarca.edu.co\/wp-content\/uploads\/2023\/02\/WhatsApp-Image-2023-02-14-at-8.42.28-PM-1-1170x781.jpeg 1170w\" sizes=\"(max-width: 1280px) 100vw, 1280px\" \/>\t\t\t\t\t\t\t\t<\/a>\n\t\t\t\t\t\t\t\t\t\t\t\t\t\t\t<\/div>\n\t\t\t\t<\/div>\n\t\t\t\t\t<\/div>\n\t\t<\/div>\n\t\t\t\t<div class=\"elementor-column elementor-col-25 elementor-top-column elementor-element elementor-element-b55d493\" data-id=\"b55d493\" data-element_type=\"column\">\n\t\t\t<div class=\"elementor-widget-wrap elementor-element-populated\">\n\t\t\t\t\t\t<div class=\"elementor-element elementor-element-1e345601 elementor-widget elementor-widget-image\" data-id=\"1e345601\" data-element_type=\"widget\" data-widget_type=\"image.default\">\n\t\t\t\t<div class=\"elementor-widget-container\">\n\t\t\t\t\t\t\t\t\t\t\t\t\t\t\t\t<a href=\"#\">\n\t\t\t\t\t\t\t<img loading=\"lazy\" decoding=\"async\" width=\"1600\" height=\"1200\" src=\"https:\/\/politecnicocundinamarca.edu.co\/wp-content\/uploads\/2023\/02\/WhatsApp-Image-2023-02-14-at-8.42.39-PM-1.jpeg\" class=\"attachment-full size-full wp-image-885\" alt=\"\" srcset=\"https:\/\/politecnicocundinamarca.edu.co\/wp-content\/uploads\/2023\/02\/WhatsApp-Image-2023-02-14-at-8.42.39-PM-1.jpeg 1600w, https:\/\/politecnicocundinamarca.edu.co\/wp-content\/uploads\/2023\/02\/WhatsApp-Image-2023-02-14-at-8.42.39-PM-1-300x225.jpeg 300w, https:\/\/politecnicocundinamarca.edu.co\/wp-content\/uploads\/2023\/02\/WhatsApp-Image-2023-02-14-at-8.42.39-PM-1-1024x768.jpeg 1024w, https:\/\/politecnicocundinamarca.edu.co\/wp-content\/uploads\/2023\/02\/WhatsApp-Image-2023-02-14-at-8.42.39-PM-1-768x576.jpeg 768w, https:\/\/politecnicocundinamarca.edu.co\/wp-content\/uploads\/2023\/02\/WhatsApp-Image-2023-02-14-at-8.42.39-PM-1-1536x1152.jpeg 1536w, https:\/\/politecnicocundinamarca.edu.co\/wp-content\/uploads\/2023\/02\/WhatsApp-Image-2023-02-14-at-8.42.39-PM-1-540x405.jpeg 540w, https:\/\/politecnicocundinamarca.edu.co\/wp-content\/uploads\/2023\/02\/WhatsApp-Image-2023-02-14-at-8.42.39-PM-1-860x645.jpeg 860w, https:\/\/politecnicocundinamarca.edu.co\/wp-content\/uploads\/2023\/02\/WhatsApp-Image-2023-02-14-at-8.42.39-PM-1-1170x878.jpeg 1170w\" sizes=\"(max-width: 1600px) 100vw, 1600px\" \/>\t\t\t\t\t\t\t\t<\/a>\n\t\t\t\t\t\t\t\t\t\t\t\t\t\t\t<\/div>\n\t\t\t\t<\/div>\n\t\t\t\t\t<\/div>\n\t\t<\/div>\n\t\t\t\t<div class=\"elementor-column elementor-col-25 elementor-top-column elementor-element elementor-element-57ffd1e6\" data-id=\"57ffd1e6\" data-element_type=\"column\">\n\t\t\t<div class=\"elementor-widget-wrap elementor-element-populated\">\n\t\t\t\t\t\t<div class=\"elementor-element elementor-element-376e93bb elementor-widget elementor-widget-image\" data-id=\"376e93bb\" data-element_type=\"widget\" data-widget_type=\"image.default\">\n\t\t\t\t<div class=\"elementor-widget-container\">\n\t\t\t\t\t\t\t\t\t\t\t\t\t\t\t\t<a href=\"#\">\n\t\t\t\t\t\t\t<img loading=\"lazy\" decoding=\"async\" width=\"1280\" height=\"853\" src=\"https:\/\/politecnicocundinamarca.edu.co\/wp-content\/uploads\/2023\/02\/WhatsApp-Image-2023-02-14-at-8.42.40-PM-1.jpeg\" class=\"attachment-full size-full wp-image-890\" alt=\"\" srcset=\"https:\/\/politecnicocundinamarca.edu.co\/wp-content\/uploads\/2023\/02\/WhatsApp-Image-2023-02-14-at-8.42.40-PM-1.jpeg 1280w, https:\/\/politecnicocundinamarca.edu.co\/wp-content\/uploads\/2023\/02\/WhatsApp-Image-2023-02-14-at-8.42.40-PM-1-300x200.jpeg 300w, https:\/\/politecnicocundinamarca.edu.co\/wp-content\/uploads\/2023\/02\/WhatsApp-Image-2023-02-14-at-8.42.40-PM-1-1024x682.jpeg 1024w, https:\/\/politecnicocundinamarca.edu.co\/wp-content\/uploads\/2023\/02\/WhatsApp-Image-2023-02-14-at-8.42.40-PM-1-768x512.jpeg 768w, https:\/\/politecnicocundinamarca.edu.co\/wp-content\/uploads\/2023\/02\/WhatsApp-Image-2023-02-14-at-8.42.40-PM-1-540x360.jpeg 540w, https:\/\/politecnicocundinamarca.edu.co\/wp-content\/uploads\/2023\/02\/WhatsApp-Image-2023-02-14-at-8.42.40-PM-1-585x390.jpeg 585w, https:\/\/politecnicocundinamarca.edu.co\/wp-content\/uploads\/2023\/02\/WhatsApp-Image-2023-02-14-at-8.42.40-PM-1-860x573.jpeg 860w, https:\/\/politecnicocundinamarca.edu.co\/wp-content\/uploads\/2023\/02\/WhatsApp-Image-2023-02-14-at-8.42.40-PM-1-1170x780.jpeg 1170w\" sizes=\"(max-width: 1280px) 100vw, 1280px\" \/>\t\t\t\t\t\t\t\t<\/a>\n\t\t\t\t\t\t\t\t\t\t\t\t\t\t\t<\/div>\n\t\t\t\t<\/div>\n\t\t\t\t\t<\/div>\n\t\t<\/div>\n\t\t\t\t\t<\/div>\n\t\t<\/section>\n\t\t\t\t<\/div>","protected":false},"excerpt":{"rendered":"<p>&#8220;Transformando mentes, forjando el futuro: La historia de Nuestro Instituto&#8221;. El POLITECNICO CUNDINAMARCA fue fundado el 20 de Abril de 2012, en la ciudad de Soacha, y tomo el Nombre [&hellip;]<\/p>","protected":false},"author":1,"featured_media":0,"parent":0,"menu_order":0,"comment_status":"closed","ping_status":"closed","template":"page-builder.php","meta":{"footnotes":""},"class_list":["post-292","page","type-page","status-publish","hentry"],"_links":{"self":[{"href":"https:\/\/politecnicocundinamarca.edu.co\/en\/wp-json\/wp\/v2\/pages\/292","targetHints":{"allow":["GET"]}}],"collection":[{"href":"https:\/\/politecnicocundinamarca.edu.co\/en\/wp-json\/wp\/v2\/pages"}],"about":[{"href":"https:\/\/politecnicocundinamarca.edu.co\/en\/wp-json\/wp\/v2\/types\/page"}],"author":[{"embeddable":true,"href":"https:\/\/politecnicocundinamarca.edu.co\/en\/wp-json\/wp\/v2\/users\/1"}],"replies":[{"embeddable":true,"href":"https:\/\/politecnicocundinamarca.edu.co\/en\/wp-json\/wp\/v2\/comments?post=292"}],"version-history":[{"count":0,"href":"https:\/\/politecnicocundinamarca.edu.co\/en\/wp-json\/wp\/v2\/pages\/292\/revisions"}],"wp:attachment":[{"href":"https:\/\/politecnicocundinamarca.edu.co\/en\/wp-json\/wp\/v2\/media?parent=292"}],"curies":[{"name":"wp","href":"https:\/\/api.w.org\/{rel}","templated":true}]}}