{"id":295,"date":"2023-02-08T04:52:48","date_gmt":"2023-02-08T04:52:48","guid":{"rendered":"https:\/\/politecnicocundinamarca.edu.co\/?elementor_library=about-us-2"},"modified":"2023-02-18T02:14:52","modified_gmt":"2023-02-18T02:14:52","slug":"mision-y-vision","status":"publish","type":"page","link":"https:\/\/politecnicocundinamarca.edu.co\/en\/mision-y-vision\/","title":{"rendered":"Misi\u00f3n y Visi\u00f3n"},"content":{"rendered":"<div data-elementor-type=\"page\" data-elementor-id=\"295\" class=\"elementor elementor-295\">\n\t\t\t\t\t\t<section class=\"elementor-section elementor-top-section elementor-element elementor-element-2308948f elementor-section-boxed elementor-section-height-default elementor-section-height-default\" data-id=\"2308948f\" data-element_type=\"section\">\n\t\t\t\t\t\t<div class=\"elementor-container elementor-column-gap-extended\">\n\t\t\t\t\t<div class=\"elementor-column elementor-col-50 elementor-top-column elementor-element elementor-element-ccffb0c\" data-id=\"ccffb0c\" data-element_type=\"column\">\n\t\t\t<div class=\"elementor-widget-wrap elementor-element-populated\">\n\t\t\t\t\t\t<div class=\"elementor-element elementor-element-5608929e wp-video-popup elementor-widget elementor-widget-image\" data-id=\"5608929e\" data-element_type=\"widget\" data-widget_type=\"image.default\">\n\t\t\t\t<div class=\"elementor-widget-container\">\n\t\t\t\t\t\t\t\t\t\t\t\t\t\t\t\t<a href=\"#\">\n\t\t\t\t\t\t\t<img fetchpriority=\"high\" decoding=\"async\" width=\"854\" height=\"1280\" src=\"https:\/\/politecnicocundinamarca.edu.co\/wp-content\/uploads\/2023\/02\/WhatsApp-Image-2023-02-14-at-8.42.30-PM-2.jpeg\" class=\"attachment-full size-full wp-image-849\" alt=\"\" srcset=\"https:\/\/politecnicocundinamarca.edu.co\/wp-content\/uploads\/2023\/02\/WhatsApp-Image-2023-02-14-at-8.42.30-PM-2.jpeg 854w, https:\/\/politecnicocundinamarca.edu.co\/wp-content\/uploads\/2023\/02\/WhatsApp-Image-2023-02-14-at-8.42.30-PM-2-200x300.jpeg 200w, https:\/\/politecnicocundinamarca.edu.co\/wp-content\/uploads\/2023\/02\/WhatsApp-Image-2023-02-14-at-8.42.30-PM-2-683x1024.jpeg 683w, https:\/\/politecnicocundinamarca.edu.co\/wp-content\/uploads\/2023\/02\/WhatsApp-Image-2023-02-14-at-8.42.30-PM-2-768x1151.jpeg 768w, https:\/\/politecnicocundinamarca.edu.co\/wp-content\/uploads\/2023\/02\/WhatsApp-Image-2023-02-14-at-8.42.30-PM-2-540x809.jpeg 540w\" sizes=\"(max-width: 854px) 100vw, 854px\" \/>\t\t\t\t\t\t\t\t<\/a>\n\t\t\t\t\t\t\t\t\t\t\t\t\t\t\t<\/div>\n\t\t\t\t<\/div>\n\t\t\t\t\t<\/div>\n\t\t<\/div>\n\t\t\t\t<div class=\"elementor-column elementor-col-50 elementor-top-column elementor-element elementor-element-521c7e27\" data-id=\"521c7e27\" data-element_type=\"column\">\n\t\t\t<div class=\"elementor-widget-wrap elementor-element-populated\">\n\t\t\t\t\t\t<div class=\"elementor-element elementor-element-c8a7102 sf-heading--decor-bottom_line elementor-widget elementor-widget-sf-heading\" data-id=\"c8a7102\" data-element_type=\"widget\" data-widget_type=\"sf-heading.default\">\n\t\t\t\t<div class=\"elementor-widget-container\">\n\t\t\t\t\t        <div class=\"sf-heading\">\n                                    <h2 class=\"sf-heading__title\">NUESTRA MISI\u00d3N<\/h2>            <div class=\"sf-heading__text\"><span>\"Formando l\u00edderes del ma\u00f1ana\".<\/span><\/div>            <div class=\"sf-heading__bottom\"><span class=\"sf-heading__line\"><\/span><\/div>        <\/div>\n        \t\t\t\t<\/div>\n\t\t\t\t<\/div>\n\t\t\t\t<div class=\"elementor-element elementor-element-6cf3da01 elementor-widget elementor-widget-text-editor\" data-id=\"6cf3da01\" data-element_type=\"widget\" data-widget_type=\"text-editor.default\">\n\t\t\t\t<div class=\"elementor-widget-container\">\n\t\t\t\t\t\t\t\t\t<p>POLITECNICO CUNDINAMARCA- ofrece un servicio educativo encaminado a brindar al estudiante una educaci\u00f3n integral basada en competencias laborales que lo lleven a calificar sus habilidades, mejorar su calidad de vida y la de su comunidad y directamente aumente el sentido de pertenencia y conservaci\u00f3n de su entorno desarrollando una sana convivencia autogestionando su desarrollo, intelectual inform\u00e1tico, personal y laboral.<\/p>\t\t\t\t\t\t\t\t<\/div>\n\t\t\t\t<\/div>\n\t\t\t\t<div class=\"elementor-element elementor-element-49a7bfa elementor-widget__width-initial elementor-absolute elementor-widget elementor-widget-image\" data-id=\"49a7bfa\" data-element_type=\"widget\" data-settings=\"{&quot;_position&quot;:&quot;absolute&quot;}\" data-widget_type=\"image.default\">\n\t\t\t\t<div class=\"elementor-widget-container\">\n\t\t\t\t\t\t\t\t\t\t\t\t\t\t\t<img decoding=\"async\" width=\"640\" height=\"425\" src=\"https:\/\/politecnicocundinamarca.edu.co\/wp-content\/uploads\/2023\/02\/ap-2.jpg\" class=\"attachment-full size-full wp-image-1057\" alt=\"\" srcset=\"https:\/\/politecnicocundinamarca.edu.co\/wp-content\/uploads\/2023\/02\/ap-2.jpg 640w, https:\/\/politecnicocundinamarca.edu.co\/wp-content\/uploads\/2023\/02\/ap-2-300x199.jpg 300w, https:\/\/politecnicocundinamarca.edu.co\/wp-content\/uploads\/2023\/02\/ap-2-540x359.jpg 540w\" sizes=\"(max-width: 640px) 100vw, 640px\" \/>\t\t\t\t\t\t\t\t\t\t\t\t\t\t\t<\/div>\n\t\t\t\t<\/div>\n\t\t\t\t\t<\/div>\n\t\t<\/div>\n\t\t\t\t\t<\/div>\n\t\t<\/section>\n\t\t\t\t<section class=\"elementor-section elementor-top-section elementor-element elementor-element-6fe16c1 elementor-section-boxed elementor-section-height-default elementor-section-height-default\" data-id=\"6fe16c1\" data-element_type=\"section\">\n\t\t\t\t\t\t<div class=\"elementor-container elementor-column-gap-default\">\n\t\t\t\t\t<div class=\"elementor-column elementor-col-50 elementor-top-column elementor-element elementor-element-4da16d1\" data-id=\"4da16d1\" data-element_type=\"column\">\n\t\t\t<div class=\"elementor-widget-wrap elementor-element-populated\">\n\t\t\t\t\t\t<div class=\"elementor-element elementor-element-baf579a sf-heading--decor-bottom_line elementor-widget elementor-widget-sf-heading\" data-id=\"baf579a\" data-element_type=\"widget\" data-widget_type=\"sf-heading.default\">\n\t\t\t\t<div class=\"elementor-widget-container\">\n\t\t\t\t\t        <div class=\"sf-heading\">\n                                    <h2 class=\"sf-heading__title\">NUESTRA VISI\u00d3N<\/h2>            <div class=\"sf-heading__text\"><span>\"Transformar vidas a trav\u00e9s de la educaci\u00f3n.\"<\/span><\/div>            <div class=\"sf-heading__bottom\"><span class=\"sf-heading__line\"><\/span><\/div>        <\/div>\n        \t\t\t\t<\/div>\n\t\t\t\t<\/div>\n\t\t\t\t<div class=\"elementor-element elementor-element-1e06947 elementor-widget elementor-widget-text-editor\" data-id=\"1e06947\" data-element_type=\"widget\" data-widget_type=\"text-editor.default\">\n\t\t\t\t<div class=\"elementor-widget-container\">\n\t\t\t\t\t\t\t\t\t<p><span style=\"color: #2e2e59; font-family: 'Open Sans', sans-serif; letter-spacing: 1px; text-align: justify; background-color: #f5f5f5;\">POLITECNICO CUNDINAMARCA- para el a\u00f1o 2023 ser\u00e1 ampliamente reconocido en la regi\u00f3n por su amplia contribuci\u00f3n en lo social al haber fomentado la formaci\u00f3n de j\u00f3venes y adultos, con aptitud laboral y una capacidad de mejoramiento en lo acad\u00e9mico en lo humano y creciendo en sana convivencia.<\/span><\/p>\t\t\t\t\t\t\t\t<\/div>\n\t\t\t\t<\/div>\n\t\t\t\t<div class=\"elementor-element elementor-element-83f46b7 elementor-widget__width-initial elementor-absolute elementor-widget elementor-widget-image\" data-id=\"83f46b7\" data-element_type=\"widget\" data-settings=\"{&quot;_position&quot;:&quot;absolute&quot;}\" data-widget_type=\"image.default\">\n\t\t\t\t<div class=\"elementor-widget-container\">\n\t\t\t\t\t\t\t\t\t\t\t\t\t\t\t<img decoding=\"async\" width=\"1024\" height=\"576\" src=\"https:\/\/politecnicocundinamarca.edu.co\/wp-content\/uploads\/2023\/02\/WhatsApp-Image-2023-02-14-at-8.43.12-PM-1024x576.jpeg\" class=\"attachment-large size-large wp-image-896\" alt=\"\" srcset=\"https:\/\/politecnicocundinamarca.edu.co\/wp-content\/uploads\/2023\/02\/WhatsApp-Image-2023-02-14-at-8.43.12-PM-1024x576.jpeg 1024w, https:\/\/politecnicocundinamarca.edu.co\/wp-content\/uploads\/2023\/02\/WhatsApp-Image-2023-02-14-at-8.43.12-PM-300x169.jpeg 300w, https:\/\/politecnicocundinamarca.edu.co\/wp-content\/uploads\/2023\/02\/WhatsApp-Image-2023-02-14-at-8.43.12-PM-768x432.jpeg 768w, https:\/\/politecnicocundinamarca.edu.co\/wp-content\/uploads\/2023\/02\/WhatsApp-Image-2023-02-14-at-8.43.12-PM-1536x864.jpeg 1536w, https:\/\/politecnicocundinamarca.edu.co\/wp-content\/uploads\/2023\/02\/WhatsApp-Image-2023-02-14-at-8.43.12-PM-540x304.jpeg 540w, https:\/\/politecnicocundinamarca.edu.co\/wp-content\/uploads\/2023\/02\/WhatsApp-Image-2023-02-14-at-8.43.12-PM-860x484.jpeg 860w, https:\/\/politecnicocundinamarca.edu.co\/wp-content\/uploads\/2023\/02\/WhatsApp-Image-2023-02-14-at-8.43.12-PM-1170x658.jpeg 1170w, https:\/\/politecnicocundinamarca.edu.co\/wp-content\/uploads\/2023\/02\/WhatsApp-Image-2023-02-14-at-8.43.12-PM.jpeg 1600w\" sizes=\"(max-width: 1024px) 100vw, 1024px\" \/>\t\t\t\t\t\t\t\t\t\t\t\t\t\t\t<\/div>\n\t\t\t\t<\/div>\n\t\t\t\t\t<\/div>\n\t\t<\/div>\n\t\t\t\t<div class=\"elementor-column elementor-col-50 elementor-top-column elementor-element elementor-element-8c39aee\" data-id=\"8c39aee\" data-element_type=\"column\">\n\t\t\t<div class=\"elementor-widget-wrap elementor-element-populated\">\n\t\t\t\t\t\t<div class=\"elementor-element elementor-element-1ff7797 elementor-widget elementor-widget-image\" data-id=\"1ff7797\" data-element_type=\"widget\" data-widget_type=\"image.default\">\n\t\t\t\t<div class=\"elementor-widget-container\">\n\t\t\t\t\t\t\t\t\t\t\t\t\t\t\t<img loading=\"lazy\" decoding=\"async\" width=\"683\" height=\"1024\" src=\"https:\/\/politecnicocundinamarca.edu.co\/wp-content\/uploads\/2023\/02\/WhatsApp-Image-2023-02-14-at-8.42.29-PM-683x1024.jpeg\" class=\"attachment-large size-large wp-image-847\" alt=\"\" srcset=\"https:\/\/politecnicocundinamarca.edu.co\/wp-content\/uploads\/2023\/02\/WhatsApp-Image-2023-02-14-at-8.42.29-PM-683x1024.jpeg 683w, https:\/\/politecnicocundinamarca.edu.co\/wp-content\/uploads\/2023\/02\/WhatsApp-Image-2023-02-14-at-8.42.29-PM-200x300.jpeg 200w, https:\/\/politecnicocundinamarca.edu.co\/wp-content\/uploads\/2023\/02\/WhatsApp-Image-2023-02-14-at-8.42.29-PM-768x1151.jpeg 768w, https:\/\/politecnicocundinamarca.edu.co\/wp-content\/uploads\/2023\/02\/WhatsApp-Image-2023-02-14-at-8.42.29-PM-540x809.jpeg 540w, https:\/\/politecnicocundinamarca.edu.co\/wp-content\/uploads\/2023\/02\/WhatsApp-Image-2023-02-14-at-8.42.29-PM.jpeg 854w\" sizes=\"(max-width: 683px) 100vw, 683px\" \/>\t\t\t\t\t\t\t\t\t\t\t\t\t\t\t<\/div>\n\t\t\t\t<\/div>\n\t\t\t\t\t<\/div>\n\t\t<\/div>\n\t\t\t\t\t<\/div>\n\t\t<\/section>\n\t\t\t\t<section class=\"elementor-section elementor-top-section elementor-element elementor-element-2bcb509 elementor-section-boxed elementor-section-height-default elementor-section-height-default\" data-id=\"2bcb509\" data-element_type=\"section\">\n\t\t\t\t\t\t<div class=\"elementor-container elementor-column-gap-default\">\n\t\t\t\t\t<div class=\"elementor-column elementor-col-100 elementor-top-column elementor-element elementor-element-ee1926d\" data-id=\"ee1926d\" data-element_type=\"column\">\n\t\t\t<div class=\"elementor-widget-wrap elementor-element-populated\">\n\t\t\t\t\t\t<div class=\"elementor-element elementor-element-1ed62f0e sf-mobile-align-center sf-buttons__stack-mobile sf-align-center elementor-widget elementor-widget-sf-buttons\" data-id=\"1ed62f0e\" data-element_type=\"widget\" data-widget_type=\"sf-buttons.default\">\n\t\t\t\t<div class=\"elementor-widget-container\">\n\t\t\t\t\t\t\t<div class=\"sf-buttons\">\n\t\t\t\t\t\t<div class=\"btn-wrapper\">\n\t\t\t\t\t<a href=\"https:\/\/politecnicocundinamarca.edu.co\/en\/nuestra-historia\/\" class=\"btn btn-outline-primary\" role=\"button\">\n\t\t\t\t\t\t\t\t<span class=\"btn-text-wrapper\">\n\t\t\t\t\t\t<span class=\"btn-text\">Historia<\/span>\n\t\t<\/span>\n\t\t\t\t\t\t\t<\/a>\n\t\t\t\t<\/div>\n\t\t\t\t\t\t<div class=\"btn-wrapper\">\n\t\t\t\t\t<a href=\"https:\/\/politecnicocundinamarca.edu.co\/en\/contactanos\/\" class=\"btn btn-primary\" role=\"button\">\n\t\t\t\t\t\t\t\t<span class=\"btn-text-wrapper\">\n\t\t\t\t\t\t<span class=\"btn-text\">Cont\u00e1ctanos<\/span>\n\t\t<\/span>\n\t\t\t\t\t\t\t<\/a>\n\t\t\t\t<\/div>\n\t\t\t\t<\/div>\n\t\t\t\t\t\t<\/div>\n\t\t\t\t<\/div>\n\t\t\t\t\t<\/div>\n\t\t<\/div>\n\t\t\t\t\t<\/div>\n\t\t<\/section>\n\t\t\t\t<section class=\"elementor-section elementor-top-section elementor-element elementor-element-83f7914 elementor-section-boxed elementor-section-height-default elementor-section-height-default\" data-id=\"83f7914\" data-element_type=\"section\">\n\t\t\t\t\t\t<div class=\"elementor-container elementor-column-gap-extended\">\n\t\t\t\t\t<div class=\"elementor-column elementor-col-100 elementor-top-column elementor-element elementor-element-5c7e8e6e\" data-id=\"5c7e8e6e\" data-element_type=\"column\">\n\t\t\t<div class=\"elementor-widget-wrap elementor-element-populated\">\n\t\t\t\t\t\t<div class=\"elementor-element elementor-element-587970ea sf-testimonial--layout-image_left sf-testimonial--align-left sf-arrows--position-bottom_right sf-pagination--type-bullets sf-testimonial--skin-default sf-arrows--skin-default sf-arrows--color-dark elementor-widget elementor-widget-sf-testimonials\" data-id=\"587970ea\" data-element_type=\"widget\" data-settings=\"{&quot;pagination&quot;:&quot;bullets&quot;}\" data-widget_type=\"sf-testimonials.default\">\n\t\t\t\t<div class=\"elementor-widget-container\">\n\t\t\t\t\t\t\t<div class=\"sf-testimonials clearfix\">\n\t\t\t<div class=\"sf-swiper-container\">\n\t\t\t\t<div class=\"swiper\" data-settings='{\"autoHeight\":true,\"watchOverflow\":true,\"slidesPerView\":1,\"slidesPerGroup\":1,\"spaceBetween\":42,\"loop\":true,\"speed\":3000,\"breakpoints\":{\"1025\":{\"slidesPerView\":1,\"spaceBetween\":42},\"768\":{\"slidesPerView\":2,\"spaceBetween\":42}},\"autoplay\":{\"delay\":5000},\"effect\":\"fade\",\"pagination\":{\"el\":\"#sf-swiper-pagination-69e3952915035\",\"clickable\":true,\"type\":\"bullets\"}}'>\n\t\t\t\t\t<div class=\"swiper-wrapper\">\n\t\t\t\t\t\t\t\t\t\t\t\t\t<div class=\"swiper-slide\">\n\t\t\t\t\t\t\t\t<div class=\"sf-testimonial has-image\">\n\t\t\t\t\t\t\t\t\t<div class=\"sf-testimonial__content\">\n\t\t\t\t\t\t\t\t\t\t\t\t\t\t\t\t\t\t\t\t<div class=\"sf-testimonial__text\">\n\t\t\t\t\t\t\t\t\t\t\t&quot;Esta instituci\u00f3n demuestra un alto nivel de compromiso y dedicaci\u00f3n hacia sus estudiantes al brindarles no solo una educaci\u00f3n de calidad, sino tambi\u00e9n herramientas y recursos para su desarrollo personal y profesional.&quot; \t\t\t\t\t\t\t\t\t\t<\/div>\n\t\t\t\t\t\t\t\t\t\t\t\t\t\t\t\t\t\t\t\t\t<cite class=\"sf-testimonial__cite\">\n\t\t\t\t\t\t\t\t\t\t\t\t\t\t\t\t\t\t\t\t\t\t\t<h4 class=\"sf-testimonial__name\">Carlos F. -  Alumno<\/h4>\n\t\t\t\t\t\t\t\t\t\t\t\t\t\t\t\t\t\t\t\t\t\t\t\t\t\t\t\t\t\t\t\t\t\t<span class=\"sf-testimonial__title\">Electr\u00f3nica Industrial<\/span>\n\t\t\t\t\t\t\t\t\t\t\t\t\t\t\t\t\t\t\t\t\t\t<\/cite>\n\t\t\t\t\t\t\t\t\t\t\t\t\t\t\t\t\t\t\t<\/div>\n\t\t\t\t\t\t\t\t\t<div class=\"sf-testimonial__footer\">\n\t\t\t\t\t\t\t\t\t\t\t\t\t\t\t\t\t\t\t\t<div class=\"sf-testimonial__image\">\n\t\t\t\t\t\t\t\t\t\t\t<img decoding=\"async\" src=\"https:\/\/politecnicocundinamarca.edu.co\/wp-content\/uploads\/2023\/02\/man1.png\" alt=\"Electr\u00f3nica Industrial\">\n\t\t\t\t\t\t\t\t\t\t<\/div>\n\t\t\t\t\t\t\t\t\t\t\t\t\t\t\t\t\t\t\t\t\t\t\t\t\t\t\t\t\t<\/div>\n\t\t\t\t\t\t\t\t<\/div>\n\t\t\t\t\t\t\t<\/div>\n\t\t\t\t\t\t\t\t\t\t\t\t\t<div class=\"swiper-slide\">\n\t\t\t\t\t\t\t\t<div class=\"sf-testimonial has-image\">\n\t\t\t\t\t\t\t\t\t<div class=\"sf-testimonial__content\">\n\t\t\t\t\t\t\t\t\t\t\t\t\t\t\t\t\t\t\t\t<div class=\"sf-testimonial__text\">\n\t\t\t\t\t\t\t\t\t\t\t&quot;Esta instituci\u00f3n destaca por su compromiso con la formaci\u00f3n integral de sus estudiantes. Cuenta con un equipo docente altamente capacitado que brinda un seguimiento personalizado a cada estudiante, fomentando as\u00ed un ambiente de aprendizaje din\u00e1mico y participativo&quot;. \t\t\t\t\t\t\t\t\t\t<\/div>\n\t\t\t\t\t\t\t\t\t\t\t\t\t\t\t\t\t\t\t\t\t<cite class=\"sf-testimonial__cite\">\n\t\t\t\t\t\t\t\t\t\t\t\t\t\t\t\t\t\t\t\t\t\t\t<h4 class=\"sf-testimonial__name\">Nubia A. - Docente<\/h4>\n\t\t\t\t\t\t\t\t\t\t\t\t\t\t\t\t\t\t\t\t\t\t\t\t\t\t\t\t\t\t\t\t\t\t<span class=\"sf-testimonial__title\">Idiomas<\/span>\n\t\t\t\t\t\t\t\t\t\t\t\t\t\t\t\t\t\t\t\t\t\t<\/cite>\n\t\t\t\t\t\t\t\t\t\t\t\t\t\t\t\t\t\t\t<\/div>\n\t\t\t\t\t\t\t\t\t<div class=\"sf-testimonial__footer\">\n\t\t\t\t\t\t\t\t\t\t\t\t\t\t\t\t\t\t\t\t<div class=\"sf-testimonial__image\">\n\t\t\t\t\t\t\t\t\t\t\t<img decoding=\"async\" src=\"https:\/\/politecnicocundinamarca.edu.co\/wp-content\/uploads\/2023\/02\/smile1.png\" alt=\"Idiomas\">\n\t\t\t\t\t\t\t\t\t\t<\/div>\n\t\t\t\t\t\t\t\t\t\t\t\t\t\t\t\t\t\t\t\t\t\t\t\t\t\t\t\t\t<\/div>\n\t\t\t\t\t\t\t\t<\/div>\n\t\t\t\t\t\t\t<\/div>\n\t\t\t\t\t\t\t\t\t\t\t\t\t<div class=\"swiper-slide\">\n\t\t\t\t\t\t\t\t<div class=\"sf-testimonial has-image\">\n\t\t\t\t\t\t\t\t\t<div class=\"sf-testimonial__content\">\n\t\t\t\t\t\t\t\t\t\t\t\t\t\t\t\t\t\t\t\t<div class=\"sf-testimonial__text\">\n\t\t\t\t\t\t\t\t\t\t\t&quot;La instituci\u00f3n es un referente en el \u00e1mbito educativo gracias a su enfoque innovador y de vanguardia, y a la calidad de su equipo docente altamente capacitado&quot;.\t\t\t\t\t\t\t\t\t\t<\/div>\n\t\t\t\t\t\t\t\t\t\t\t\t\t\t\t\t\t\t\t\t\t<cite class=\"sf-testimonial__cite\">\n\t\t\t\t\t\t\t\t\t\t\t\t\t\t\t\t\t\t\t\t\t\t\t<h4 class=\"sf-testimonial__name\">Rafael M. - CEO Globant<\/h4>\n\t\t\t\t\t\t\t\t\t\t\t\t\t\t\t\t\t\t\t\t\t\t\t\t\t\t\t\t\t\t\t\t\t\t<span class=\"sf-testimonial__title\">Musician<\/span>\n\t\t\t\t\t\t\t\t\t\t\t\t\t\t\t\t\t\t\t\t\t\t<\/cite>\n\t\t\t\t\t\t\t\t\t\t\t\t\t\t\t\t\t\t\t<\/div>\n\t\t\t\t\t\t\t\t\t<div class=\"sf-testimonial__footer\">\n\t\t\t\t\t\t\t\t\t\t\t\t\t\t\t\t\t\t\t\t<div class=\"sf-testimonial__image\">\n\t\t\t\t\t\t\t\t\t\t\t<img decoding=\"async\" src=\"https:\/\/politecnicocundinamarca.edu.co\/wp-content\/uploads\/2023\/02\/smile2.png\" alt=\"Musician\">\n\t\t\t\t\t\t\t\t\t\t<\/div>\n\t\t\t\t\t\t\t\t\t\t\t\t\t\t\t\t\t\t\t\t\t\t\t\t\t\t\t\t\t<\/div>\n\t\t\t\t\t\t\t\t<\/div>\n\t\t\t\t\t\t\t<\/div>\n\t\t\t\t\t\t\t\t\t\t\t<\/div>\n\t\t\t\t<\/div>\n               \t\t\t<div id=\"sf-swiper-pagination-69e3952915035\" class=\"sf-swiper-pagination\"><\/div>\n\t\t\t\t\t\t\t\t\t<\/div>\n\t\t<\/div>\n\t\t\t\t\t\t<\/div>\n\t\t\t\t<\/div>\n\t\t\t\t\t<\/div>\n\t\t<\/div>\n\t\t\t\t\t<\/div>\n\t\t<\/section>\n\t\t\t\t<section class=\"elementor-section elementor-top-section elementor-element elementor-element-51fb9765 elementor-section-boxed elementor-section-height-default elementor-section-height-default\" data-id=\"51fb9765\" data-element_type=\"section\" data-settings=\"{&quot;background_background&quot;:&quot;classic&quot;}\">\n\t\t\t\t\t\t<div class=\"elementor-container elementor-column-gap-extended\">\n\t\t\t\t\t<div class=\"elementor-column elementor-col-25 elementor-top-column elementor-element elementor-element-bae1d0\" data-id=\"bae1d0\" data-element_type=\"column\">\n\t\t\t<div class=\"elementor-widget-wrap elementor-element-populated\">\n\t\t\t\t\t\t<div class=\"elementor-element elementor-element-31bff8d3 sf-number-counter--align-center sf-number-counter--icon-top elementor-widget elementor-widget-sf-number-counter\" data-id=\"31bff8d3\" data-element_type=\"widget\" data-widget_type=\"sf-number-counter.default\">\n\t\t\t\t<div class=\"elementor-widget-container\">\n\t\t\t\t\t\t\t<div class=\"sf-number-counter\">\n\t\t\t\t\t\t\t<div class=\"sf-number-counter__icon\">\n\t\t\t\t\t\t\t\t\t\t\t<i class=\"ticon-medal\" aria-hidden=\"true\"><\/i>\n\t\t\t\t\t\t\t\t\t<\/div>\n\t\t\t\t\t\t<div class=\"sf-number-counter__inner\">\n\t\t\t\t<div class=\"sf-number-counter__counter\">\n\t\t\t\t\t\t\t\t\t\t\t<span class=\"sf-number-counter__number\" data-start=\"0\" data-end=\"99\" data-duration=\"2000\" data-separator=\"\">0<\/span>\n\t\t\t\t\t\t\t\t\t\t\t<span class=\"sf-number-counter__suffix\">%<\/span>\n\t\t\t\t\t\t\t\t\t<\/div>\n\t\t\t\t\t\t\t\t\t\t\t\t\t<div class=\"sf-number-counter__title\">Todos los graduados<\/div>\n\t\t\t\t\t\t\t<\/div>\n\t\t<\/div>\n\t\t\t\t\t\t<\/div>\n\t\t\t\t<\/div>\n\t\t\t\t\t<\/div>\n\t\t<\/div>\n\t\t\t\t<div class=\"elementor-column elementor-col-25 elementor-top-column elementor-element elementor-element-13410694\" data-id=\"13410694\" data-element_type=\"column\">\n\t\t\t<div class=\"elementor-widget-wrap elementor-element-populated\">\n\t\t\t\t\t\t<div class=\"elementor-element elementor-element-267a3719 sf-number-counter--align-center sf-number-counter--icon-top elementor-widget elementor-widget-sf-number-counter\" data-id=\"267a3719\" data-element_type=\"widget\" data-widget_type=\"sf-number-counter.default\">\n\t\t\t\t<div class=\"elementor-widget-container\">\n\t\t\t\t\t\t\t<div class=\"sf-number-counter\">\n\t\t\t\t\t\t\t<div class=\"sf-number-counter__icon\">\n\t\t\t\t\t\t\t\t\t\t\t<i class=\"ticon-desk\" aria-hidden=\"true\"><\/i>\n\t\t\t\t\t\t\t\t\t<\/div>\n\t\t\t\t\t\t<div class=\"sf-number-counter__inner\">\n\t\t\t\t<div class=\"sf-number-counter__counter\">\n\t\t\t\t\t\t\t\t\t\t\t<span class=\"sf-number-counter__number\" data-start=\"0\" data-end=\"25\" data-duration=\"2000\" data-separator=\"\">0<\/span>\n\t\t\t\t\t\t\t\t\t\t\t<span class=\"sf-number-counter__suffix\">+<\/span>\n\t\t\t\t\t\t\t\t\t<\/div>\n\t\t\t\t\t\t\t\t\t\t\t\t\t<div class=\"sf-number-counter__title\">Edades<\/div>\n\t\t\t\t\t\t\t<\/div>\n\t\t<\/div>\n\t\t\t\t\t\t<\/div>\n\t\t\t\t<\/div>\n\t\t\t\t\t<\/div>\n\t\t<\/div>\n\t\t\t\t<div class=\"elementor-column elementor-col-25 elementor-top-column elementor-element elementor-element-458381b9\" data-id=\"458381b9\" data-element_type=\"column\">\n\t\t\t<div class=\"elementor-widget-wrap elementor-element-populated\">\n\t\t\t\t\t\t<div class=\"elementor-element elementor-element-27c5df48 sf-number-counter--align-center sf-number-counter--icon-top elementor-widget elementor-widget-sf-number-counter\" data-id=\"27c5df48\" data-element_type=\"widget\" data-widget_type=\"sf-number-counter.default\">\n\t\t\t\t<div class=\"elementor-widget-container\">\n\t\t\t\t\t\t\t<div class=\"sf-number-counter\">\n\t\t\t\t\t\t\t<div class=\"sf-number-counter__icon\">\n\t\t\t\t\t\t\t\t\t\t\t<i class=\"ticon-canvas\" aria-hidden=\"true\"><\/i>\n\t\t\t\t\t\t\t\t\t<\/div>\n\t\t\t\t\t\t<div class=\"sf-number-counter__inner\">\n\t\t\t\t<div class=\"sf-number-counter__counter\">\n\t\t\t\t\t\t\t\t\t\t\t<span class=\"sf-number-counter__number\" data-start=\"0\" data-end=\"50\" data-duration=\"2000\" data-separator=\"\">0<\/span>\n\t\t\t\t\t\t\t\t\t\t\t<span class=\"sf-number-counter__suffix\">+<\/span>\n\t\t\t\t\t\t\t\t\t<\/div>\n\t\t\t\t\t\t\t\t\t\t\t\t\t<div class=\"sf-number-counter__title\">Salas de clase<\/div>\n\t\t\t\t\t\t\t<\/div>\n\t\t<\/div>\n\t\t\t\t\t\t<\/div>\n\t\t\t\t<\/div>\n\t\t\t\t\t<\/div>\n\t\t<\/div>\n\t\t\t\t<div class=\"elementor-column elementor-col-25 elementor-top-column elementor-element elementor-element-765cb6c5\" data-id=\"765cb6c5\" data-element_type=\"column\">\n\t\t\t<div class=\"elementor-widget-wrap elementor-element-populated\">\n\t\t\t\t\t\t<div class=\"elementor-element elementor-element-6c3320e4 sf-number-counter--align-center sf-number-counter--icon-top elementor-widget elementor-widget-sf-number-counter\" data-id=\"6c3320e4\" data-element_type=\"widget\" data-widget_type=\"sf-number-counter.default\">\n\t\t\t\t<div class=\"elementor-widget-container\">\n\t\t\t\t\t\t\t<div class=\"sf-number-counter\">\n\t\t\t\t\t\t\t<div class=\"sf-number-counter__icon\">\n\t\t\t\t\t\t\t\t\t\t\t<i class=\"ticon-graduation-cap\" aria-hidden=\"true\"><\/i>\n\t\t\t\t\t\t\t\t\t<\/div>\n\t\t\t\t\t\t<div class=\"sf-number-counter__inner\">\n\t\t\t\t<div class=\"sf-number-counter__counter\">\n\t\t\t\t\t\t\t\t\t\t\t<span class=\"sf-number-counter__number\" data-start=\"0\" data-end=\"33\" data-duration=\"2000\" data-separator=\"\">0<\/span>\n\t\t\t\t\t\t\t\t\t\t\t<span class=\"sf-number-counter__suffix\">M<\/span>\n\t\t\t\t\t\t\t\t\t<\/div>\n\t\t\t\t\t\t\t\t\t\t\t\t\t<div class=\"sf-number-counter__title\">Estudiantes incre\u00edbles<\/div>\n\t\t\t\t\t\t\t<\/div>\n\t\t<\/div>\n\t\t\t\t\t\t<\/div>\n\t\t\t\t<\/div>\n\t\t\t\t\t<\/div>\n\t\t<\/div>\n\t\t\t\t\t<\/div>\n\t\t<\/section>\n\t\t\t\t<\/div>","protected":false},"excerpt":{"rendered":"<p>NUESTRA MISI\u00d3N &#8220;Formando l\u00edderes del ma\u00f1ana&#8221;. POLITECNICO CUNDINAMARCA- ofrece un servicio educativo encaminado a brindar al estudiante una educaci\u00f3n integral basada en competencias laborales que lo lleven a calificar sus [&hellip;]<\/p>","protected":false},"author":1,"featured_media":0,"parent":0,"menu_order":0,"comment_status":"closed","ping_status":"closed","template":"page-builder.php","meta":{"footnotes":""},"class_list":["post-295","page","type-page","status-publish","hentry"],"_links":{"self":[{"href":"https:\/\/politecnicocundinamarca.edu.co\/en\/wp-json\/wp\/v2\/pages\/295","targetHints":{"allow":["GET"]}}],"collection":[{"href":"https:\/\/politecnicocundinamarca.edu.co\/en\/wp-json\/wp\/v2\/pages"}],"about":[{"href":"https:\/\/politecnicocundinamarca.edu.co\/en\/wp-json\/wp\/v2\/types\/page"}],"author":[{"embeddable":true,"href":"https:\/\/politecnicocundinamarca.edu.co\/en\/wp-json\/wp\/v2\/users\/1"}],"replies":[{"embeddable":true,"href":"https:\/\/politecnicocundinamarca.edu.co\/en\/wp-json\/wp\/v2\/comments?post=295"}],"version-history":[{"count":0,"href":"https:\/\/politecnicocundinamarca.edu.co\/en\/wp-json\/wp\/v2\/pages\/295\/revisions"}],"wp:attachment":[{"href":"https:\/\/politecnicocundinamarca.edu.co\/en\/wp-json\/wp\/v2\/media?parent=295"}],"curies":[{"name":"wp","href":"https:\/\/api.w.org\/{rel}","templated":true}]}}