{"id":298,"date":"2023-02-08T04:52:51","date_gmt":"2023-02-08T04:52:51","guid":{"rendered":"https:\/\/politecnicocundinamarca.edu.co\/?elementor_library=contact-us"},"modified":"2023-07-17T14:05:47","modified_gmt":"2023-07-17T14:05:47","slug":"contactanos","status":"publish","type":"page","link":"https:\/\/politecnicocundinamarca.edu.co\/en\/contactanos\/","title":{"rendered":"Cont\u00e1ctanos"},"content":{"rendered":"<div data-elementor-type=\"page\" data-elementor-id=\"298\" class=\"elementor elementor-298\">\n\t\t\t\t\t\t<section class=\"elementor-section elementor-top-section elementor-element elementor-element-12e10bb7 elementor-section-boxed elementor-section-height-default elementor-section-height-default\" data-id=\"12e10bb7\" data-element_type=\"section\">\n\t\t\t\t\t\t<div class=\"elementor-container elementor-column-gap-extended\">\n\t\t\t\t\t<div class=\"elementor-column elementor-col-33 elementor-top-column elementor-element elementor-element-2e50b78f\" data-id=\"2e50b78f\" data-element_type=\"column\">\n\t\t\t<div class=\"elementor-widget-wrap elementor-element-populated\">\n\t\t\t\t\t\t<div class=\"elementor-element elementor-element-cce2829 sf-view-stacked sf-position-top sf-shape-circle elementor-widget elementor-widget-sf-icon-box\" data-id=\"cce2829\" data-element_type=\"widget\" data-widget_type=\"sf-icon-box.default\">\n\t\t\t\t<div class=\"elementor-widget-container\">\n\t\t\t\t\t<div class=\"sf-icon-box\">\n\t\t\t\t\t<div class=\"sf-icon-box__icon\">\n\t\t\t\t<span class=\"sf-icon elementor-animation-\">\n\t\t\t\t\t\t\t\t\t\t\t<i class=\"ticon-location\" aria-hidden=\"true\"><\/i>\n\t\t\t\t\t\t\t\t\t<\/span>\n\t\t\t<\/div>\n\t\t\n\t\t\n\t\t<div class=\"sf-icon-box__content\">\n\t\t\t<h3 class=\"sf-icon-box__title\">Encu\u00e9ntranos en<\/h3>\t\t\t<div class=\"sf-icon-box__desc\">\"La ubicaci\u00f3n estrat\u00e9gica de nuestras Instituciones, nos permite maximizar nuestra eficiencia y aumentar nuestra capacidad de satisfacer las necesidades del mercado de manera oportuna y efectiva.\"<\/div>\t\t<\/div>\n\n\t\t<\/div>\t\t\t\t<\/div>\n\t\t\t\t<\/div>\n\t\t\t\t<div class=\"elementor-element elementor-element-619f1b81 elementor-widget elementor-widget-heading\" data-id=\"619f1b81\" data-element_type=\"widget\" data-widget_type=\"heading.default\">\n\t\t\t\t<div class=\"elementor-widget-container\">\n\t\t\t\t\t<p class=\"elementor-heading-title elementor-size-small\">SEDES:<br><br>\nCalle 6 # 13 - 109 <span>Samac\u00e1 - Boyac\u00e1<\/span><br>\nCalle 3 # 3-75 <span>Gachancip\u00e1 - Cundinamarca<\/span><br>\nCarrera 7 # 41-45 <span>Barrio Leon XIII Soacha - Cundinamarca<\/span><br>\nCalle 7 # 4-35\/79\/81 <span>Chocont\u00e1 - Cundinamarca<\/span><br>\nCampus Practica <span>Vereda El Tabl\u00f3n Chocont\u00e1<\/span><\/p>\t\t\t\t<\/div>\n\t\t\t\t<\/div>\n\t\t\t\t\t<\/div>\n\t\t<\/div>\n\t\t\t\t<div class=\"elementor-column elementor-col-33 elementor-top-column elementor-element elementor-element-2d925ce0\" data-id=\"2d925ce0\" data-element_type=\"column\">\n\t\t\t<div class=\"elementor-widget-wrap elementor-element-populated\">\n\t\t\t\t\t\t<div class=\"elementor-element elementor-element-17e1e65e sf-view-stacked sf-position-top sf-shape-circle elementor-widget elementor-widget-sf-icon-box\" data-id=\"17e1e65e\" data-element_type=\"widget\" data-widget_type=\"sf-icon-box.default\">\n\t\t\t\t<div class=\"elementor-widget-container\">\n\t\t\t\t\t<div class=\"sf-icon-box\">\n\t\t\t\t\t<div class=\"sf-icon-box__icon\">\n\t\t\t\t<span class=\"sf-icon elementor-animation-\">\n\t\t\t\t\t\t\t\t\t\t\t<i class=\"ticon-phone\" aria-hidden=\"true\"><\/i>\n\t\t\t\t\t\t\t\t\t<\/span>\n\t\t\t<\/div>\n\t\t\n\t\t\n\t\t<div class=\"sf-icon-box__content\">\n\t\t\t<h3 class=\"sf-icon-box__title\">Ll\u00e1manos<\/h3>\t\t\t<div class=\"sf-icon-box__desc\">\"En nuestra Instituci\u00f3n, la satisfacci\u00f3n del cliente es nuestra prioridad n\u00famero uno. Nos esforzamos por ofrecer una atenci\u00f3n al cliente excepcional y personalizada, superando las expectativas de nuestros clientes en cada interacci\u00f3n.\"<\/div>\t\t<\/div>\n\n\t\t<\/div>\t\t\t\t<\/div>\n\t\t\t\t<\/div>\n\t\t\t\t<div class=\"elementor-element elementor-element-772220 elementor-widget elementor-widget-heading\" data-id=\"772220\" data-element_type=\"widget\" data-widget_type=\"heading.default\">\n\t\t\t\t<div class=\"elementor-widget-container\">\n\t\t\t\t\t<p class=\"elementor-heading-title elementor-size-default\">Nuestras lineas de atennci\u00f3n<br><br>\n<span>(+60) 775 1370<br>\n(+57) 300 574 5113<br>\n320 575 1220<br>\n321 452 6425<br><\/span>\n<\/p>\t\t\t\t<\/div>\n\t\t\t\t<\/div>\n\t\t\t\t\t<\/div>\n\t\t<\/div>\n\t\t\t\t<div class=\"elementor-column elementor-col-33 elementor-top-column elementor-element elementor-element-531d19b0\" data-id=\"531d19b0\" data-element_type=\"column\">\n\t\t\t<div class=\"elementor-widget-wrap elementor-element-populated\">\n\t\t\t\t\t\t<div class=\"elementor-element elementor-element-7de3ca71 sf-view-stacked sf-position-top sf-shape-circle elementor-widget elementor-widget-sf-icon-box\" data-id=\"7de3ca71\" data-element_type=\"widget\" data-widget_type=\"sf-icon-box.default\">\n\t\t\t\t<div class=\"elementor-widget-container\">\n\t\t\t\t\t<div class=\"sf-icon-box\">\n\t\t\t\t\t<div class=\"sf-icon-box__icon\">\n\t\t\t\t<span class=\"sf-icon elementor-animation-\">\n\t\t\t\t\t\t\t\t\t\t\t<i class=\"ticon-mail\" aria-hidden=\"true\"><\/i>\n\t\t\t\t\t\t\t\t\t<\/span>\n\t\t\t<\/div>\n\t\t\n\t\t\n\t\t<div class=\"sf-icon-box__content\">\n\t\t\t<h3 class=\"sf-icon-box__title\">Escr\u00edbenos<\/h3>\t\t\t<div class=\"sf-icon-box__desc\">\"En cada correo que recibimos, vemos una oportunidad para brindar un servicio excepcional al cliente. Nos comprometemos a responder r\u00e1pidamente, ofrecer soluciones efectivas y superar las expectativas de nuestros clientes en cada interacci\u00f3n por correo electr\u00f3nico.\"<\/div>\t\t<\/div>\n\n\t\t<\/div>\t\t\t\t<\/div>\n\t\t\t\t<\/div>\n\t\t\t\t<div class=\"elementor-element elementor-element-5db29a0c elementor-widget elementor-widget-heading\" data-id=\"5db29a0c\" data-element_type=\"widget\" data-widget_type=\"heading.default\">\n\t\t\t\t<div class=\"elementor-widget-container\">\n\t\t\t\t\t<p class=\"elementor-heading-title elementor-size-default\"> contacto@politecnicocundinamarca.edu.co<\/p>\t\t\t\t<\/div>\n\t\t\t\t<\/div>\n\t\t\t\t\t<\/div>\n\t\t<\/div>\n\t\t\t\t\t<\/div>\n\t\t<\/section>\n\t\t\t\t<section class=\"elementor-section elementor-top-section elementor-element elementor-element-7858a448 elementor-section-stretched elementor-section-full_width elementor-section-height-default elementor-section-height-default\" data-id=\"7858a448\" data-element_type=\"section\" data-settings=\"{&quot;stretch_section&quot;:&quot;section-stretched&quot;}\">\n\t\t\t\t\t\t<div class=\"elementor-container elementor-column-gap-no\">\n\t\t\t\t\t<div class=\"elementor-column elementor-col-100 elementor-top-column elementor-element elementor-element-4e0321f4\" data-id=\"4e0321f4\" data-element_type=\"column\">\n\t\t\t<div class=\"elementor-widget-wrap elementor-element-populated\">\n\t\t\t\t\t\t<div class=\"elementor-element elementor-element-306ac63f elementor-widget elementor-widget-google_maps\" data-id=\"306ac63f\" data-element_type=\"widget\" data-widget_type=\"google_maps.default\">\n\t\t\t\t<div class=\"elementor-widget-container\">\n\t\t\t\t\t\t\t<div class=\"elementor-custom-embed\">\n\t\t\t<iframe loading=\"lazy\"\n\t\t\t\t\tsrc=\"https:\/\/maps.google.com\/maps?q=choconta%20cundinamarca&#038;t=m&#038;z=10&#038;output=embed&#038;iwloc=near\"\n\t\t\t\t\ttitle=\"choconta cundinamarca\"\n\t\t\t\t\taria-label=\"choconta cundinamarca\"\n\t\t\t><\/iframe>\n\t\t<\/div>\n\t\t\t\t\t\t<\/div>\n\t\t\t\t<\/div>\n\t\t\t\t\t<\/div>\n\t\t<\/div>\n\t\t\t\t\t<\/div>\n\t\t<\/section>\n\t\t\t\t<section class=\"elementor-section elementor-top-section elementor-element elementor-element-5505748d elementor-section-boxed elementor-section-height-default elementor-section-height-default\" data-id=\"5505748d\" data-element_type=\"section\">\n\t\t\t\t\t\t<div class=\"elementor-container elementor-column-gap-extended\">\n\t\t\t\t\t<div class=\"elementor-column elementor-col-100 elementor-top-column elementor-element elementor-element-7cd239d7\" data-id=\"7cd239d7\" data-element_type=\"column\">\n\t\t\t<div class=\"elementor-widget-wrap elementor-element-populated\">\n\t\t\t\t\t\t<div class=\"elementor-element elementor-element-5083f4d5 sf-heading--decor-bottom_line elementor-widget elementor-widget-sf-heading\" data-id=\"5083f4d5\" data-element_type=\"widget\" data-widget_type=\"sf-heading.default\">\n\t\t\t\t<div class=\"elementor-widget-container\">\n\t\t\t\t\t        <div class=\"sf-heading\">\n                                    <h2 class=\"sf-heading__title\">Mandanos un mensaje<\/h2>                        <div class=\"sf-heading__bottom\"><span class=\"sf-heading__line\"><\/span><\/div>        <\/div>\n        \t\t\t\t<\/div>\n\t\t\t\t<\/div>\n\t\t\t\t<div class=\"elementor-element elementor-element-7a00d927 elementor-widget elementor-widget-text-editor\" data-id=\"7a00d927\" data-element_type=\"widget\" data-widget_type=\"text-editor.default\">\n\t\t\t\t<div class=\"elementor-widget-container\">\n\t\t\t\t\t\t\t\t\t<p>En cada correo electr\u00f3nico que recibimos, vemos una oportunidad para brindar un servicio excepcional al cliente.<\/p>\t\t\t\t\t\t\t\t<\/div>\n\t\t\t\t<\/div>\n\t\t\t\t<div class=\"elementor-element elementor-element-17940f8f elementor-widget elementor-widget-shortcode\" data-id=\"17940f8f\" data-element_type=\"widget\" data-widget_type=\"shortcode.default\">\n\t\t\t\t<div class=\"elementor-widget-container\">\n\t\t\t\t\t\t\t<div class=\"elementor-shortcode\">\n<div class=\"wpcf7 no-js\" id=\"wpcf7-f301-o1\" lang=\"en-US\" dir=\"ltr\" data-wpcf7-id=\"301\">\n<div class=\"screen-reader-response\"><p role=\"status\" aria-live=\"polite\" aria-atomic=\"true\"><\/p> <ul><\/ul><\/div>\n<form action=\"\/en\/wp-json\/wp\/v2\/pages\/298#wpcf7-f301-o1\" method=\"post\" class=\"wpcf7-form init\" aria-label=\"Contact form\" novalidate=\"novalidate\" data-status=\"init\" data-trp-original-action=\"\/en\/wp-json\/wp\/v2\/pages\/298#wpcf7-f301-o1\">\n<fieldset class=\"hidden-fields-container\"><input type=\"hidden\" name=\"_wpcf7\" value=\"301\" \/><input type=\"hidden\" name=\"_wpcf7_version\" value=\"6.1.3\" \/><input type=\"hidden\" name=\"_wpcf7_locale\" value=\"en_US\" \/><input type=\"hidden\" name=\"_wpcf7_unit_tag\" value=\"wpcf7-f301-o1\" \/><input type=\"hidden\" name=\"_wpcf7_container_post\" value=\"0\" \/><input type=\"hidden\" name=\"_wpcf7_posted_data_hash\" value=\"\" \/>\n<\/fieldset>\n<div class=\"row sm-gutters\">\n\t<p class=\"col-md-6\"><span class=\"wpcf7-form-control-wrap\" data-name=\"your-name\"><input size=\"40\" maxlength=\"400\" class=\"wpcf7-form-control wpcf7-text wpcf7-validates-as-required\" aria-required=\"true\" aria-invalid=\"false\" placeholder=\"Nombre *\" value=\"\" type=\"text\" name=\"your-name\" \/><\/span>\n\t<\/p>\n\t<p class=\"col-md-6\"><span class=\"wpcf7-form-control-wrap\" data-name=\"your-email\"><input size=\"40\" maxlength=\"400\" class=\"wpcf7-form-control wpcf7-email wpcf7-validates-as-required wpcf7-text wpcf7-validates-as-email\" aria-required=\"true\" aria-invalid=\"false\" placeholder=\"Correo *\" value=\"\" type=\"email\" name=\"your-email\" \/><\/span>\n\t<\/p>\n<\/div>\n<p><span class=\"wpcf7-form-control-wrap\" data-name=\"your-subject\"><input size=\"40\" maxlength=\"400\" class=\"wpcf7-form-control wpcf7-text wpcf7-validates-as-required\" aria-required=\"true\" aria-invalid=\"false\" placeholder=\"Asunto *\" value=\"\" type=\"text\" name=\"your-subject\" \/><\/span>\n<\/p>\n<p><span class=\"wpcf7-form-control-wrap\" data-name=\"your-message\"><textarea cols=\"40\" rows=\"4\" maxlength=\"2000\" class=\"wpcf7-form-control wpcf7-textarea wpcf7-validates-as-required\" aria-required=\"true\" aria-invalid=\"false\" placeholder=\"Mensaje *\" name=\"your-message\"><\/textarea><\/span>\n<\/p>\n<p><input class=\"wpcf7-form-control wpcf7-submit has-spinner btn btn-primary align-items-center\" type=\"submit\" value=\"Enviar\" \/>\n<\/p><div class=\"wpcf7-response-output\" aria-hidden=\"true\"><\/div>\n<input type=\"hidden\" name=\"trp-form-language\" value=\"en\"\/><\/form>\n<\/div>\n<\/div>\n\t\t\t\t\t\t<\/div>\n\t\t\t\t<\/div>\n\t\t\t\t\t<\/div>\n\t\t<\/div>\n\t\t\t\t\t<\/div>\n\t\t<\/section>\n\t\t\t\t<\/div>","protected":false},"excerpt":{"rendered":"<p>Encu\u00e9ntranos en &#8220;La ubicaci\u00f3n estrat\u00e9gica de nuestras Instituciones, nos permite maximizar nuestra eficiencia y aumentar nuestra capacidad de satisfacer las necesidades del mercado de manera oportuna y efectiva.&#8221; SEDES: Calle [&hellip;]<\/p>","protected":false},"author":1,"featured_media":0,"parent":0,"menu_order":0,"comment_status":"closed","ping_status":"closed","template":"page-builder.php","meta":{"footnotes":""},"class_list":["post-298","page","type-page","status-publish","hentry"],"_links":{"self":[{"href":"https:\/\/politecnicocundinamarca.edu.co\/en\/wp-json\/wp\/v2\/pages\/298","targetHints":{"allow":["GET"]}}],"collection":[{"href":"https:\/\/politecnicocundinamarca.edu.co\/en\/wp-json\/wp\/v2\/pages"}],"about":[{"href":"https:\/\/politecnicocundinamarca.edu.co\/en\/wp-json\/wp\/v2\/types\/page"}],"author":[{"embeddable":true,"href":"https:\/\/politecnicocundinamarca.edu.co\/en\/wp-json\/wp\/v2\/users\/1"}],"replies":[{"embeddable":true,"href":"https:\/\/politecnicocundinamarca.edu.co\/en\/wp-json\/wp\/v2\/comments?post=298"}],"version-history":[{"count":2,"href":"https:\/\/politecnicocundinamarca.edu.co\/en\/wp-json\/wp\/v2\/pages\/298\/revisions"}],"predecessor-version":[{"id":1426,"href":"https:\/\/politecnicocundinamarca.edu.co\/en\/wp-json\/wp\/v2\/pages\/298\/revisions\/1426"}],"wp:attachment":[{"href":"https:\/\/politecnicocundinamarca.edu.co\/en\/wp-json\/wp\/v2\/media?parent=298"}],"curies":[{"name":"wp","href":"https:\/\/api.w.org\/{rel}","templated":true}]}}