{"id":368,"date":"2023-02-08T04:54:00","date_gmt":"2023-02-08T04:54:00","guid":{"rendered":"https:\/\/politecnicocundinamarca.edu.co\/?elementor_library=course-categories"},"modified":"2023-02-17T08:26:02","modified_gmt":"2023-02-17T08:26:02","slug":"categorias","status":"publish","type":"page","link":"https:\/\/politecnicocundinamarca.edu.co\/en\/categorias\/","title":{"rendered":"Categor\u00edas"},"content":{"rendered":"<div data-elementor-type=\"page\" data-elementor-id=\"368\" class=\"elementor elementor-368\">\n\t\t\t\t\t\t<section class=\"elementor-section elementor-top-section elementor-element elementor-element-4a90241f elementor-section-boxed elementor-section-height-default elementor-section-height-default\" data-id=\"4a90241f\" data-element_type=\"section\">\n\t\t\t\t\t\t<div class=\"elementor-container elementor-column-gap-extended\">\n\t\t\t\t\t<div class=\"elementor-column elementor-col-100 elementor-top-column elementor-element elementor-element-63130bf3\" data-id=\"63130bf3\" data-element_type=\"column\">\n\t\t\t<div class=\"elementor-widget-wrap elementor-element-populated\">\n\t\t\t\t\t\t<div class=\"elementor-element elementor-element-d38b5c1 sf-arrows--skin-3 sf-arrows--yes course-categories--icon-top sf-arrows--color-dark sf-arrows--position-default elementor-widget elementor-widget-talemy-course-categories\" data-id=\"d38b5c1\" data-element_type=\"widget\" data-widget_type=\"talemy-course-categories.default\">\n\t\t\t\t<div class=\"elementor-widget-container\">\n\t\t\t\t\t        <div class=\"ld-course-categories clearfix\">\n                    <div class=\"sf-swiper-container\">\n                <div class=\"swiper-container\" data-settings='{\"handleElementorBreakpoints\":true,\"autoHeight\":false,\"watchOverflow\":true,\"slidesPerView\":6,\"slidesToScroll\":1,\"spaceBetween\":1,\"loop\":true,\"speed\":300,\"breakpoints\":{\"1024\":{\"slidesPerView\":1,\"spaceBetween\":1},\"768\":{\"slidesPerView\":1,\"spaceBetween\":1}},\"autoplay\":{\"delay\":2000},\"navigation\":{\"prevEl\":\"#sf-swiper-btn-69f450ac1ab60\",\"nextEl\":\"#sf-swiper-btn-69f450ac1ab61\"}}'>\n                    <div class=\"swiper-wrapper\">\n                                            <div class=\"swiper-slide\">\n                                    <div class=\"ld-category-item\">\n            <a href=\"https:\/\/politecnicocundinamarca.edu.co\/en\/course-category\/escuela-academica\/\" class=\"ld-category-link\">\n                                                            <span class=\"ld-category-icon\">\n                            <i class=\"ticon-study\" aria-hidden=\"true\"><\/i>\n                        <\/span>\n                                                    <span class=\"ld-category-name\">Escuela Acad\u00e9mica<\/span>\n            <\/a>\n        <\/div>\n                                <\/div>\n                                            <div class=\"swiper-slide\">\n                                    <div class=\"ld-category-item\">\n            <a href=\"https:\/\/politecnicocundinamarca.edu.co\/en\/course-category\/escuela-ambiental\/\" class=\"ld-category-link\">\n                                                            <span class=\"ld-category-icon\">\n                            <i class=\"fab fa-envira\" aria-hidden=\"true\"><\/i>\n                        <\/span>\n                                                    <span class=\"ld-category-name\">Escuela Ambiental<\/span>\n            <\/a>\n        <\/div>\n                                <\/div>\n                                            <div class=\"swiper-slide\">\n                                    <div class=\"ld-category-item\">\n            <a href=\"https:\/\/politecnicocundinamarca.edu.co\/en\/course-category\/escuela-de-belleza\/\" class=\"ld-category-link\">\n                                                            <span class=\"ld-category-icon\">\n                            <i class=\"fas fa-hand-scissors\" aria-hidden=\"true\"><\/i>\n                        <\/span>\n                                                    <span class=\"ld-category-name\">Escuela de Belleza<\/span>\n            <\/a>\n        <\/div>\n                                <\/div>\n                                            <div class=\"swiper-slide\">\n                                    <div class=\"ld-category-item\">\n            <a href=\"https:\/\/politecnicocundinamarca.edu.co\/en\/course-category\/escuela-de-desarrollo\/\" class=\"ld-category-link\">\n                                                            <span class=\"ld-category-icon\">\n                            <i class=\"fas fa-robot\" aria-hidden=\"true\"><\/i>\n                        <\/span>\n                                                    <span class=\"ld-category-name\">Escuela de Desarrollo<\/span>\n            <\/a>\n        <\/div>\n                                <\/div>\n                                            <div class=\"swiper-slide\">\n                                    <div class=\"ld-category-item\">\n            <a href=\"https:\/\/politecnicocundinamarca.edu.co\/en\/course-category\/escuela-de-educacion\/\" class=\"ld-category-link\">\n                                                            <span class=\"ld-category-icon\">\n                            <i class=\"ticon-user\" aria-hidden=\"true\"><\/i>\n                        <\/span>\n                                                    <span class=\"ld-category-name\">Escuela de Educaci\u00f3n<\/span>\n            <\/a>\n        <\/div>\n                                <\/div>\n                                            <div class=\"swiper-slide\">\n                                    <div class=\"ld-category-item\">\n            <a href=\"https:\/\/politecnicocundinamarca.edu.co\/en\/course-category\/escuela-de-gastronomia\/\" class=\"ld-category-link\">\n                                                            <span class=\"ld-category-icon\">\n                            <i class=\"ticon-food\" aria-hidden=\"true\"><\/i>\n                        <\/span>\n                                                    <span class=\"ld-category-name\">Escuela de Gastronom\u00eda<\/span>\n            <\/a>\n        <\/div>\n                                <\/div>\n                                            <div class=\"swiper-slide\">\n                                    <div class=\"ld-category-item\">\n            <a href=\"https:\/\/politecnicocundinamarca.edu.co\/en\/course-category\/escuela-de-idiomas\/\" class=\"ld-category-link\">\n                                                            <span class=\"ld-category-icon\">\n                            <i class=\"fas fa-flag-usa\" aria-hidden=\"true\"><\/i>\n                        <\/span>\n                                                    <span class=\"ld-category-name\">Escuela de Idiomas<\/span>\n            <\/a>\n        <\/div>\n                                <\/div>\n                                            <div class=\"swiper-slide\">\n                                    <div class=\"ld-category-item\">\n            <a href=\"https:\/\/politecnicocundinamarca.edu.co\/en\/course-category\/escuela-de-negocios\/\" class=\"ld-category-link\">\n                                                            <span class=\"ld-category-icon\">\n                            <i class=\"fas fa-briefcase\" aria-hidden=\"true\"><\/i>\n                        <\/span>\n                                                    <span class=\"ld-category-name\">Escuela de Negocios<\/span>\n            <\/a>\n        <\/div>\n                                <\/div>\n                                            <div class=\"swiper-slide\">\n                                    <div class=\"ld-category-item\">\n            <a href=\"https:\/\/politecnicocundinamarca.edu.co\/en\/course-category\/escuela-de-salud\/\" class=\"ld-category-link\">\n                                                            <span class=\"ld-category-icon\">\n                            <i class=\"fas fa-user-nurse\" aria-hidden=\"true\"><\/i>\n                        <\/span>\n                                                    <span class=\"ld-category-name\">Escuela de Salud<\/span>\n            <\/a>\n        <\/div>\n                                <\/div>\n                                            <div class=\"swiper-slide\">\n                                    <div class=\"ld-category-item\">\n            <a href=\"https:\/\/politecnicocundinamarca.edu.co\/en\/course-category\/escuela-de-seguridad\/\" class=\"ld-category-link\">\n                                                            <span class=\"ld-category-icon\">\n                            <i class=\"fas fa-user-lock\" aria-hidden=\"true\"><\/i>\n                        <\/span>\n                                                    <span class=\"ld-category-name\">Escuela de Seguridad<\/span>\n            <\/a>\n        <\/div>\n                                <\/div>\n                                            <div class=\"swiper-slide\">\n                                    <div class=\"ld-category-item\">\n            <a href=\"https:\/\/politecnicocundinamarca.edu.co\/en\/course-category\/escuela-industrial\/\" class=\"ld-category-link\">\n                                                            <span class=\"ld-category-icon\">\n                            <i class=\"fas fa-industry\" aria-hidden=\"true\"><\/i>\n                        <\/span>\n                                                    <span class=\"ld-category-name\">Escuela Industrial<\/span>\n            <\/a>\n        <\/div>\n                                <\/div>\n                                        <\/div>\n                <\/div>\n                \t\t\t<div id=\"sf-swiper-btn-69f450ac1ab60\" class=\"sf-swiper-btn sf-swiper-btn-prev\">\n\t\t\t\t<span class=\"sf-swiper-btn-icon sicon-arrow-left\" aria-hidden=\"true\"><\/span>\t\t\t<\/div>\n\t\t\t<div id=\"sf-swiper-btn-69f450ac1ab61\" class=\"sf-swiper-btn sf-swiper-btn-next\">\n\t\t\t\t<span class=\"sf-swiper-btn-icon sicon-arrow-right\" aria-hidden=\"true\"><\/span>\t\t\t<\/div>\n\t\t            <\/div>\n                <\/div>\n        \t\t\t\t<\/div>\n\t\t\t\t<\/div>\n\t\t\t\t<div class=\"elementor-element elementor-element-12874def sf-arrows--skin-3 sf-arrows--yes course-categories--icon-top sf-arrows--color-dark sf-arrows--position-default elementor-widget elementor-widget-talemy-course-categories\" data-id=\"12874def\" data-element_type=\"widget\" data-widget_type=\"talemy-course-categories.default\">\n\t\t\t\t<div class=\"elementor-widget-container\">\n\t\t\t\t\t        <div class=\"ld-course-categories clearfix\">\n                    <div class=\"row\">\n                            <div class=\"col-lg-2\">\n                        <div class=\"ld-category-item\">\n            <a href=\"https:\/\/politecnicocundinamarca.edu.co\/en\/course-category\/escuela-academica\/\" class=\"ld-category-link\">\n                                                            <span class=\"ld-category-icon\">\n                            <i class=\"ticon-study\" aria-hidden=\"true\"><\/i>\n                        <\/span>\n                                                    <span class=\"ld-category-name\">Escuela Acad\u00e9mica<\/span>\n            <\/a>\n        <\/div>\n                        <\/div>\n                            <div class=\"col-lg-2\">\n                        <div class=\"ld-category-item\">\n            <a href=\"https:\/\/politecnicocundinamarca.edu.co\/en\/course-category\/escuela-ambiental\/\" class=\"ld-category-link\">\n                                                            <span class=\"ld-category-icon\">\n                            <i class=\"fab fa-envira\" aria-hidden=\"true\"><\/i>\n                        <\/span>\n                                                    <span class=\"ld-category-name\">Escuela Ambiental<\/span>\n            <\/a>\n        <\/div>\n                        <\/div>\n                            <div class=\"col-lg-2\">\n                        <div class=\"ld-category-item\">\n            <a href=\"https:\/\/politecnicocundinamarca.edu.co\/en\/course-category\/escuela-de-belleza\/\" class=\"ld-category-link\">\n                                                            <span class=\"ld-category-icon\">\n                            <i class=\"fas fa-hand-scissors\" aria-hidden=\"true\"><\/i>\n                        <\/span>\n                                                    <span class=\"ld-category-name\">Escuela de Belleza<\/span>\n            <\/a>\n        <\/div>\n                        <\/div>\n                            <div class=\"col-lg-2\">\n                        <div class=\"ld-category-item\">\n            <a href=\"https:\/\/politecnicocundinamarca.edu.co\/en\/course-category\/escuela-de-desarrollo\/\" class=\"ld-category-link\">\n                                                            <span class=\"ld-category-icon\">\n                            <i class=\"fas fa-robot\" aria-hidden=\"true\"><\/i>\n                        <\/span>\n                                                    <span class=\"ld-category-name\">Escuela de Desarrollo<\/span>\n            <\/a>\n        <\/div>\n                        <\/div>\n                            <div class=\"col-lg-2\">\n                        <div class=\"ld-category-item\">\n            <a href=\"https:\/\/politecnicocundinamarca.edu.co\/en\/course-category\/escuela-de-educacion\/\" class=\"ld-category-link\">\n                                                            <span class=\"ld-category-icon\">\n                            <i class=\"ticon-user\" aria-hidden=\"true\"><\/i>\n                        <\/span>\n                                                    <span class=\"ld-category-name\">Escuela de Educaci\u00f3n<\/span>\n            <\/a>\n        <\/div>\n                        <\/div>\n                            <div class=\"col-lg-2\">\n                        <div class=\"ld-category-item\">\n            <a href=\"https:\/\/politecnicocundinamarca.edu.co\/en\/course-category\/escuela-de-gastronomia\/\" class=\"ld-category-link\">\n                                                            <span class=\"ld-category-icon\">\n                            <i class=\"ticon-food\" aria-hidden=\"true\"><\/i>\n                        <\/span>\n                                                    <span class=\"ld-category-name\">Escuela de Gastronom\u00eda<\/span>\n            <\/a>\n        <\/div>\n                        <\/div>\n                            <div class=\"col-lg-2\">\n                        <div class=\"ld-category-item\">\n            <a href=\"https:\/\/politecnicocundinamarca.edu.co\/en\/course-category\/escuela-de-idiomas\/\" class=\"ld-category-link\">\n                                                            <span class=\"ld-category-icon\">\n                            <i class=\"fas fa-flag-usa\" aria-hidden=\"true\"><\/i>\n                        <\/span>\n                                                    <span class=\"ld-category-name\">Escuela de Idiomas<\/span>\n            <\/a>\n        <\/div>\n                        <\/div>\n                            <div class=\"col-lg-2\">\n                        <div class=\"ld-category-item\">\n            <a href=\"https:\/\/politecnicocundinamarca.edu.co\/en\/course-category\/escuela-de-negocios\/\" class=\"ld-category-link\">\n                                                            <span class=\"ld-category-icon\">\n                            <i class=\"fas fa-briefcase\" aria-hidden=\"true\"><\/i>\n                        <\/span>\n                                                    <span class=\"ld-category-name\">Escuela de Negocios<\/span>\n            <\/a>\n        <\/div>\n                        <\/div>\n                            <div class=\"col-lg-2\">\n                        <div class=\"ld-category-item\">\n            <a href=\"https:\/\/politecnicocundinamarca.edu.co\/en\/course-category\/escuela-de-salud\/\" class=\"ld-category-link\">\n                                                            <span class=\"ld-category-icon\">\n                            <i class=\"fas fa-user-nurse\" aria-hidden=\"true\"><\/i>\n                        <\/span>\n                                                    <span class=\"ld-category-name\">Escuela de Salud<\/span>\n            <\/a>\n        <\/div>\n                        <\/div>\n                            <div class=\"col-lg-2\">\n                        <div class=\"ld-category-item\">\n            <a href=\"https:\/\/politecnicocundinamarca.edu.co\/en\/course-category\/escuela-de-seguridad\/\" class=\"ld-category-link\">\n                                                            <span class=\"ld-category-icon\">\n                            <i class=\"fas fa-user-lock\" aria-hidden=\"true\"><\/i>\n                        <\/span>\n                                                    <span class=\"ld-category-name\">Escuela de Seguridad<\/span>\n            <\/a>\n        <\/div>\n                        <\/div>\n                            <div class=\"col-lg-2\">\n                        <div class=\"ld-category-item\">\n            <a href=\"https:\/\/politecnicocundinamarca.edu.co\/en\/course-category\/escuela-industrial\/\" class=\"ld-category-link\">\n                                                            <span class=\"ld-category-icon\">\n                            <i class=\"fas fa-industry\" aria-hidden=\"true\"><\/i>\n                        <\/span>\n                                                    <span class=\"ld-category-name\">Escuela Industrial<\/span>\n            <\/a>\n        <\/div>\n                        <\/div>\n                        <\/div>\n                <\/div>\n        \t\t\t\t<\/div>\n\t\t\t\t<\/div>\n\t\t\t\t\t<\/div>\n\t\t<\/div>\n\t\t\t\t\t<\/div>\n\t\t<\/section>\n\t\t\t\t<\/div>","protected":false},"excerpt":{"rendered":"<p>Escuela Acad\u00e9mica Escuela Ambiental Escuela de Belleza Escuela de Desarrollo Escuela de Educaci\u00f3n Escuela de Gastronom\u00eda Escuela de Idiomas Escuela de Negocios Escuela de Salud Escuela de Seguridad Escuela Industrial [&hellip;]<\/p>","protected":false},"author":1,"featured_media":0,"parent":0,"menu_order":0,"comment_status":"closed","ping_status":"closed","template":"page-builder.php","meta":{"footnotes":""},"class_list":["post-368","page","type-page","status-publish","hentry"],"_links":{"self":[{"href":"https:\/\/politecnicocundinamarca.edu.co\/en\/wp-json\/wp\/v2\/pages\/368","targetHints":{"allow":["GET"]}}],"collection":[{"href":"https:\/\/politecnicocundinamarca.edu.co\/en\/wp-json\/wp\/v2\/pages"}],"about":[{"href":"https:\/\/politecnicocundinamarca.edu.co\/en\/wp-json\/wp\/v2\/types\/page"}],"author":[{"embeddable":true,"href":"https:\/\/politecnicocundinamarca.edu.co\/en\/wp-json\/wp\/v2\/users\/1"}],"replies":[{"embeddable":true,"href":"https:\/\/politecnicocundinamarca.edu.co\/en\/wp-json\/wp\/v2\/comments?post=368"}],"version-history":[{"count":0,"href":"https:\/\/politecnicocundinamarca.edu.co\/en\/wp-json\/wp\/v2\/pages\/368\/revisions"}],"wp:attachment":[{"href":"https:\/\/politecnicocundinamarca.edu.co\/en\/wp-json\/wp\/v2\/media?parent=368"}],"curies":[{"name":"wp","href":"https:\/\/api.w.org\/{rel}","templated":true}]}}